{"id":199,"date":"2024-02-16T12:04:18","date_gmt":"2024-02-16T12:04:18","guid":{"rendered":"https:\/\/mayfin.erasmus.site\/?page_id=199"},"modified":"2024-04-09T09:37:33","modified_gmt":"2024-04-09T09:37:33","slug":"about-the-project","status":"publish","type":"page","link":"https:\/\/mayfin.erasmus.site\/ro\/about-the-project\/","title":{"rendered":"Despre proiect"},"content":{"rendered":"<p>Obiectivul principal al proiectului MAYFIN este de a dezvolta un set de solu\u021bii pentru a reduce decalajele \u00een ceea ce prive\u0219te competen\u021bele financiare \u00een r\u00e2ndul tinerilor (cu v\u00e2rste cuprinse \u00eentre 15 \u0219i 18 ani) cu diferite niveluri de condi\u021bii socio-economice. \u00cen timp ce contribuie la consolidarea identit\u0103\u021bii europene, MAYFIN combin\u0103 cuno\u0219tin\u021bele de educa\u021bie financiar\u0103 cu alte abilit\u0103\u021bi soft identificate. Scopul MAYFIN este de a cre\u0219te competen\u021bele cheie ale tinerilor dezavantaja\u021bi printr-un joc online care le permite acestora s\u0103 ob\u021bin\u0103 informa\u021biile necesare. Ca urmare, ac\u021biunile lor financiare prezente \u0219i viitoare pot fi bazate \u0219i sus\u021binute de cuno\u0219tin\u021be relevante. Rezultatele programului MAYFIN au ca scop dezvoltarea mentalit\u0103\u021bii cursan\u021bilor, astfel \u00eenc\u00e2t ace\u0219tia s\u0103 se angajeze \u00een mod activ \u0219i s\u0103 aib\u0103 \u00eencredere \u00een propriile decizii financiare pe parcursul anilor de \u0219coal\u0103, precum \u0219i pe parcursul vie\u021bii lor viitoare de adul\u021bi.<\/p>\n<p>\u00cen timp ce abordeaz\u0103 decalajul \u00een ceea ce prive\u0219te educa\u021bia financiar\u0103, MAYFIN va include, de asemenea, o cercetare aprofundat\u0103 \u0219i elemente, \u00een cadrul jocului online, care identific\u0103 evenimentele istorice cheie care au avut un impact asupra mentalit\u0103\u021bii \u0219i dezvolt\u0103rii competen\u021belor financiare \u00een diferite \u021b\u0103ri. Acest lucru va sprijini o \u00een\u021belegere mai profund\u0103 a culturii europene, contribuind la consolidarea unei identit\u0103\u021bi europene \u00een cadrul grupurilor \u021bint\u0103. Prin combinarea con\u021binuturilor de educa\u021bie financiar\u0103 \u00een cadrul evenimentelor istorice, grupul \u021bint\u0103 va putea s\u0103 dezvolte o mai bun\u0103 \u00een\u021belegere a culturii europene, \u00een timp ce partenerii vor putea s\u0103 dezvolte rezultate adaptate la cadrul \u021b\u0103rilor respective.<\/p>","protected":false},"excerpt":{"rendered":"<p>Obiectivul principal al proiectului MAYFIN este de a dezvolta un set de solu\u021bii pentru a reduce decalajele \u00een ceea ce prive\u0219te competen\u021bele financiare \u00een r\u00e2ndul tinerilor (cu v\u00e2rste cuprinse \u00eentre 15 \u0219i 18 ani) cu diferite niveluri de condi\u021bii socio-economice. \u00cen timp ce contribuie la consolidarea identit\u0103\u021bii europene, MAYFIN combin\u0103 cuno\u0219tin\u021bele de educa\u021bie financiar\u0103 cu&hellip;&nbsp;<a href=\"https:\/\/mayfin.erasmus.site\/ro\/about-the-project\/\" rel=\"bookmark\">Cite\u0219te mai mult &raquo;<span class=\"screen-reader-text\">Despre proiect<\/span><\/a><\/p>\n","protected":false},"author":1,"featured_media":234,"parent":0,"menu_order":0,"comment_status":"closed","ping_status":"closed","template":"","meta":{"neve_meta_sidebar":"","neve_meta_container":"","neve_meta_enable_content_width":"off","neve_meta_content_width":100,"neve_meta_title_alignment":"","neve_meta_author_avatar":"","neve_post_elements_order":"","neve_meta_disable_header":"","neve_meta_disable_footer":"","neve_meta_disable_title":"","footnotes":""},"class_list":["post-199","page","type-page","status-publish","has-post-thumbnail","hentry"],"_links":{"self":[{"href":"https:\/\/mayfin.erasmus.site\/ro\/wp-json\/wp\/v2\/pages\/199","targetHints":{"allow":["GET"]}}],"collection":[{"href":"https:\/\/mayfin.erasmus.site\/ro\/wp-json\/wp\/v2\/pages"}],"about":[{"href":"https:\/\/mayfin.erasmus.site\/ro\/wp-json\/wp\/v2\/types\/page"}],"author":[{"embeddable":true,"href":"https:\/\/mayfin.erasmus.site\/ro\/wp-json\/wp\/v2\/users\/1"}],"replies":[{"embeddable":true,"href":"https:\/\/mayfin.erasmus.site\/ro\/wp-json\/wp\/v2\/comments?post=199"}],"version-history":[{"count":72,"href":"https:\/\/mayfin.erasmus.site\/ro\/wp-json\/wp\/v2\/pages\/199\/revisions"}],"predecessor-version":[{"id":1104,"href":"https:\/\/mayfin.erasmus.site\/ro\/wp-json\/wp\/v2\/pages\/199\/revisions\/1104"}],"wp:featuredmedia":[{"embeddable":true,"href":"https:\/\/mayfin.erasmus.site\/ro\/wp-json\/wp\/v2\/media\/234"}],"wp:attachment":[{"href":"https:\/\/mayfin.erasmus.site\/ro\/wp-json\/wp\/v2\/media?parent=199"}],"curies":[{"name":"wp","href":"https:\/\/api.w.org\/{rel}","templated":true}]}}