{"id":222,"date":"2024-02-16T12:35:59","date_gmt":"2024-02-16T12:35:59","guid":{"rendered":"https:\/\/mayfin.erasmus.site\/?page_id=222"},"modified":"2025-11-24T19:47:38","modified_gmt":"2025-11-24T19:47:38","slug":"project-results","status":"publish","type":"page","link":"https:\/\/mayfin.erasmus.site\/pt\/project-results\/","title":{"rendered":"Resultados do projeto"},"content":{"rendered":"\t\t<div data-elementor-type=\"wp-page\" data-elementor-id=\"222\" class=\"elementor elementor-222\">\n\t\t\t\t<div class=\"elementor-element elementor-element-3a156c9 e-flex e-con-boxed e-con e-parent\" data-id=\"3a156c9\" data-element_type=\"container\" data-e-type=\"container\">\n\t\t\t\t\t<div class=\"e-con-inner\">\n\t\t<div class=\"elementor-element elementor-element-3f956d8 e-con-full e-flex e-con e-child\" data-id=\"3f956d8\" data-element_type=\"container\" data-e-type=\"container\">\n\t\t\t\t<div class=\"elementor-element elementor-element-b3f76f1 elementor-widget elementor-widget-heading\" data-id=\"b3f76f1\" data-element_type=\"widget\" data-e-type=\"widget\" data-widget_type=\"heading.default\">\n\t\t\t\t<div class=\"elementor-widget-container\">\n\t\t\t\t\t<h2 class=\"elementor-heading-title elementor-size-default\">Pesquisa inicial sobre o estado do desenvolvimento de compet\u00eancias e eventos com impacto<\/h2>\t\t\t\t<\/div>\n\t\t\t\t<\/div>\n\t\t\t\t<div class=\"elementor-element elementor-element-21d45bf elementor-widget elementor-widget-spacer\" data-id=\"21d45bf\" data-element_type=\"widget\" data-e-type=\"widget\" data-widget_type=\"spacer.default\">\n\t\t\t\t<div class=\"elementor-widget-container\">\n\t\t\t\t\t\t\t<div class=\"elementor-spacer\">\n\t\t\t<div class=\"elementor-spacer-inner\"><\/div>\n\t\t<\/div>\n\t\t\t\t\t\t<\/div>\n\t\t\t\t<\/div>\n\t\t\t\t<div class=\"elementor-element elementor-element-47a063b elementor-widget elementor-widget-text-editor\" data-id=\"47a063b\" data-element_type=\"widget\" data-e-type=\"widget\" data-widget_type=\"text-editor.default\">\n\t\t\t\t<div class=\"elementor-widget-container\">\n\t\t\t\t\t\t\t\t\t<p>Aprendizagem entre parceiros em termos de eventos hist\u00f3ricos e culturais que influenciam os n\u00edveis de desenvolvimento de compet\u00eancias e mentalidade dos diferentes pa\u00edses europeus. A investiga\u00e7\u00e3o inicial permite \u00e0 parceria compreender n\u00e3o s\u00f3 como os eventos inesperados t\u00eam diferentes n\u00edveis de impacto entre os jovens dos diferentes pa\u00edses, ajustar o cen\u00e1rio online e os conte\u00fados de aprendizagem, mas tamb\u00e9m ajudar a gera\u00e7\u00e3o jovem a compreender as diferentes culturas europeias e promover, assim, uma identidade mais forte.<\/p><p>O MAYFIN vai apresentar relat\u00f3rios sobre o estado do desenvolvimento de compet\u00eancias e eventos nacionais de impacto para o estado da literacia financeira, compilando 6 relat\u00f3rios nacionais desenvolvidos por cada parceiro, e incluindo um conjunto de recomenda\u00e7\u00f5es e li\u00e7\u00f5es que combinam 5 compet\u00eancias associadas \u00e0s compet\u00eancias de literacia financeira: Literacia e Planeamento Financeiro, Pensamento Cr\u00edtico, Tomada de Decis\u00e3o, Resolu\u00e7\u00e3o de Problemas e Pensamento Reflexivo. O relat\u00f3rio est\u00e1 dispon\u00edvel em cada uma das l\u00ednguas nacionais da parceria e em ingl\u00eas.<\/p>\t\t\t\t\t\t\t\t<\/div>\n\t\t\t\t<\/div>\n\t\t\t\t<div class=\"elementor-element elementor-element-daa8147 elementor-align-center elementor-widget elementor-widget-button\" data-id=\"daa8147\" data-element_type=\"widget\" data-e-type=\"widget\" data-widget_type=\"button.default\">\n\t\t\t\t<div class=\"elementor-widget-container\">\n\t\t\t\t\t\t\t\t\t<div class=\"elementor-button-wrapper\">\n\t\t\t\t\t<a class=\"elementor-button elementor-button-link elementor-size-sm\" href=\"https:\/\/mayfin.erasmus.site\/wp-content\/uploads\/2024\/07\/MAYFIN_WP3_FINAL-REPORT_PT.pdf\">\n\t\t\t\t\t\t<span class=\"elementor-button-content-wrapper\">\n\t\t\t\t\t\t\t\t\t<span class=\"elementor-button-text\">DOWNLOAD<\/span>\n\t\t\t\t\t<\/span>\n\t\t\t\t\t<\/a>\n\t\t\t\t<\/div>\n\t\t\t\t\t\t\t\t<\/div>\n\t\t\t\t<\/div>\n\t\t\t\t<\/div>\n\t\t<div class=\"elementor-element elementor-element-2b556a5 e-con-full e-flex e-con e-child\" data-id=\"2b556a5\" data-element_type=\"container\" data-e-type=\"container\">\n\t\t\t\t<div class=\"elementor-element elementor-element-5a9dd8d elementor-widget elementor-widget-heading\" data-id=\"5a9dd8d\" data-element_type=\"widget\" data-e-type=\"widget\" data-widget_type=\"heading.default\">\n\t\t\t\t<div class=\"elementor-widget-container\">\n\t\t\t\t\t<h2 class=\"elementor-heading-title elementor-size-default\">Jogo Online<\/h2>\t\t\t\t<\/div>\n\t\t\t\t<\/div>\n\t\t\t\t<div class=\"elementor-element elementor-element-d2e31ac elementor-widget elementor-widget-spacer\" data-id=\"d2e31ac\" data-element_type=\"widget\" data-e-type=\"widget\" data-widget_type=\"spacer.default\">\n\t\t\t\t<div class=\"elementor-widget-container\">\n\t\t\t\t\t\t\t<div class=\"elementor-spacer\">\n\t\t\t<div class=\"elementor-spacer-inner\"><\/div>\n\t\t<\/div>\n\t\t\t\t\t\t<\/div>\n\t\t\t\t<\/div>\n\t\t\t\t<div class=\"elementor-element elementor-element-72cca17 elementor-widget elementor-widget-text-editor\" data-id=\"72cca17\" data-element_type=\"widget\" data-e-type=\"widget\" data-widget_type=\"text-editor.default\">\n\t\t\t\t<div class=\"elementor-widget-container\">\n\t\t\t\t\t\t\t\t\t<p>O jogo online apoia o desenvolvimento de compet\u00eancias, com 25 cen\u00e1rios diferentes e um enredo que inclui uma combina\u00e7\u00e3o de desenvolvimento de compet\u00eancias e se baseia em acontecimentos europeus identificados como tendo um impacto hist\u00f3rico no desenvolvimento de compet\u00eancias e na mentalidade relacionada. O jogo de aprendizagem online oferece diferentes cen\u00e1rios de conte\u00fados de conhecimentos financeiros adaptados aos jovens, que lhes permitem aprender eficazmente sobre conte\u00fados financeiros e atitudes de tomada de decis\u00f5es, enquanto praticam atividades relevantes. Fornece aos utilizadores conte\u00fados avan\u00e7ados de conhecimentos adaptados aos jovens com base em<\/p><p>um esquema de cen\u00e1rios em que cada um \u00e9 concebido sobre um conte\u00fado financeiro espec\u00edfico. Cont\u00e9m informa\u00e7\u00e3o relevante, atividades de tomada de decis\u00e3o e exerc\u00edcios pr\u00e1ticos que permitem ao aprendente aplicar os conhecimentos \u00e0s suas situa\u00e7\u00f5es concretas da vida real. Espera-se uma melhoria das capacidades do aprendente para garantir um in\u00edcio r\u00e1pido do seu percurso financeiro. O uso da gamifica\u00e7\u00e3o \u00e9 altamente discutido como uma das abordagens de aprendizagem mais envolventes. O jogo online est\u00e1 dispon\u00edvel em cada uma das l\u00ednguas nacionais da parceria e em ingl\u00eas tamb\u00e9m.<\/p>\t\t\t\t\t\t\t\t<\/div>\n\t\t\t\t<\/div>\n\t\t\t\t<div class=\"elementor-element elementor-element-f620235 elementor-align-center elementor-widget elementor-widget-button\" data-id=\"f620235\" data-element_type=\"widget\" data-e-type=\"widget\" data-widget_type=\"button.default\">\n\t\t\t\t<div class=\"elementor-widget-container\">\n\t\t\t\t\t\t\t\t\t<div class=\"elementor-button-wrapper\">\n\t\t\t\t\t<a class=\"elementor-button elementor-button-link elementor-size-sm\" href=\"\/game\/\" target=\"_blank\">\n\t\t\t\t\t\t<span class=\"elementor-button-content-wrapper\">\n\t\t\t\t\t\t<span class=\"elementor-button-icon\">\n\t\t\t\t<svg aria-hidden=\"true\" class=\"e-font-icon-svg e-fas-gamepad\" viewBox=\"0 0 640 512\" xmlns=\"http:\/\/www.w3.org\/2000\/svg\"><path d=\"M480.07 96H160a160 160 0 1 0 114.24 272h91.52A160 160 0 1 0 480.07 96zM248 268a12 12 0 0 1-12 12h-52v52a12 12 0 0 1-12 12h-24a12 12 0 0 1-12-12v-52H84a12 12 0 0 1-12-12v-24a12 12 0 0 1 12-12h52v-52a12 12 0 0 1 12-12h24a12 12 0 0 1 12 12v52h52a12 12 0 0 1 12 12zm216 76a40 40 0 1 1 40-40 40 40 0 0 1-40 40zm64-96a40 40 0 1 1 40-40 40 40 0 0 1-40 40z\"><\/path><\/svg>\t\t\t<\/span>\n\t\t\t\t\t\t\t\t\t<span class=\"elementor-button-text\">JOGAR<\/span>\n\t\t\t\t\t<\/span>\n\t\t\t\t\t<\/a>\n\t\t\t\t<\/div>\n\t\t\t\t\t\t\t\t<\/div>\n\t\t\t\t<\/div>\n\t\t\t\t<\/div>\n\t\t<div class=\"elementor-element elementor-element-9bc7211 e-con-full e-flex e-con e-child\" data-id=\"9bc7211\" data-element_type=\"container\" data-e-type=\"container\">\n\t\t\t\t<div class=\"elementor-element elementor-element-c205bd5 elementor-widget elementor-widget-heading\" data-id=\"c205bd5\" data-element_type=\"widget\" data-e-type=\"widget\" data-widget_type=\"heading.default\">\n\t\t\t\t<div class=\"elementor-widget-container\">\n\t\t\t\t\t<h2 class=\"elementor-heading-title elementor-size-default\">Guia metodol\u00f3gico para educadores\/organiza\u00e7\u00f5es de apoio aos jovens<\/h2>\t\t\t\t<\/div>\n\t\t\t\t<\/div>\n\t\t\t\t<div class=\"elementor-element elementor-element-f790b30 elementor-widget elementor-widget-spacer\" data-id=\"f790b30\" data-element_type=\"widget\" data-e-type=\"widget\" data-widget_type=\"spacer.default\">\n\t\t\t\t<div class=\"elementor-widget-container\">\n\t\t\t\t\t\t\t<div class=\"elementor-spacer\">\n\t\t\t<div class=\"elementor-spacer-inner\"><\/div>\n\t\t<\/div>\n\t\t\t\t\t\t<\/div>\n\t\t\t\t<\/div>\n\t\t\t\t<div class=\"elementor-element elementor-element-0303778 elementor-widget elementor-widget-text-editor\" data-id=\"0303778\" data-element_type=\"widget\" data-e-type=\"widget\" data-widget_type=\"text-editor.default\">\n\t\t\t\t<div class=\"elementor-widget-container\">\n\t\t\t\t\t\t\t\t\t<p>Este guia metodol\u00f3gico garante que as atividades de ensino\/forma\u00e7\u00e3o s\u00e3o executadas de acordo com os objetivos da educa\u00e7\u00e3o financeira e compet\u00eancias relacionadas, apoiando simultaneamente o refor\u00e7o da identidade europeia atrav\u00e9s da compreens\u00e3o m\u00fatua dos acontecimentos hist\u00f3ricos europeus que tiveram impacto na mentalidade e no desenvolvimento de compet\u00eancias.<\/p><p>\u00c9 desenvolvido de forma a permitir a entrega de um guia de implementa\u00e7\u00e3o a educadores\/organiza\u00e7\u00f5es que trabalham com jovens, tendo em conta os diferentes enquadramentos nacionais e as diferen\u00e7as culturais, enquanto envolve este grupo num processo de aprendizagem para apoiar o desenvolvimento de uma identidade europeia. A utiliza\u00e7\u00e3o de um jogo online atrativo permite o envolvimento dos jovens, apoiando o desenvolvimento de compet\u00eancias e conhecimentos enquanto se divertem. Ao mesmo tempo, ao envolver uma vasta rede de partes interessadas relacionadas com cada rede de parceiros (escolas, munic\u00edpios, ONG que trabalham com grupos de jovens desfavorecidos), a parceria cria um ciclo cont\u00ednuo de divulga\u00e7\u00e3o e capta\u00e7\u00e3o de contributos.<br \/>Este resultado permite o desenvolvimento de diretrizes nos diferentes contextos nacionais por parte dos educadores\/organiza\u00e7\u00f5es que apoiam os jovens, tendo em conta os diferentes enquadramentos nacionais e contribuindo para diretrizes ajustadas para uma utiliza\u00e7\u00e3o adequada em diferentes contextos e, por outro lado, fornecendo um guia comum onde os educadores e as organiza\u00e7\u00f5es podem aprender com a diversidade de contextos e identificar oportunidades para caminhar em dire\u00e7\u00e3o a um terreno comum de compreens\u00e3o como organiza\u00e7\u00f5es europeias. O conjunto de atividades foi concebido para tirar partido da complementaridade de compet\u00eancias e conhecimentos da parceria para criar conte\u00fados inovadores que abordem um problema comum identificado n\u00e3o s\u00f3 nos pa\u00edses da parceria, mas em toda a Europa.<\/p>\t\t\t\t\t\t\t\t<\/div>\n\t\t\t\t<\/div>\n\t\t\t\t<div class=\"elementor-element elementor-element-9254e06 elementor-align-center elementor-widget elementor-widget-button\" data-id=\"9254e06\" data-element_type=\"widget\" data-e-type=\"widget\" data-widget_type=\"button.default\">\n\t\t\t\t<div class=\"elementor-widget-container\">\n\t\t\t\t\t\t\t\t\t<div class=\"elementor-button-wrapper\">\n\t\t\t\t\t<a class=\"elementor-button elementor-button-link elementor-size-sm\" href=\"https:\/\/mayfin.erasmus.site\/methodological-guide\/\">\n\t\t\t\t\t\t<span class=\"elementor-button-content-wrapper\">\n\t\t\t\t\t\t\t\t\t<span class=\"elementor-button-text\">DOWNLOAD<\/span>\n\t\t\t\t\t<\/span>\n\t\t\t\t\t<\/a>\n\t\t\t\t<\/div>\n\t\t\t\t\t\t\t\t<\/div>\n\t\t\t\t<\/div>\n\t\t\t\t<\/div>\n\t\t\t\t\t<\/div>\n\t\t\t\t<\/div>\n\t\t<div class=\"elementor-element elementor-element-a9df211 e-flex e-con-boxed e-con e-parent\" data-id=\"a9df211\" data-element_type=\"container\" data-e-type=\"container\">\n\t\t\t\t\t<div class=\"e-con-inner\">\n\t\t\t\t<div class=\"elementor-element elementor-element-ac16a75 elementor-widget elementor-widget-spacer\" data-id=\"ac16a75\" data-element_type=\"widget\" data-e-type=\"widget\" data-widget_type=\"spacer.default\">\n\t\t\t\t<div class=\"elementor-widget-container\">\n\t\t\t\t\t\t\t<div class=\"elementor-spacer\">\n\t\t\t<div class=\"elementor-spacer-inner\"><\/div>\n\t\t<\/div>\n\t\t\t\t\t\t<\/div>\n\t\t\t\t<\/div>\n\t\t\t\t\t<\/div>\n\t\t\t\t<\/div>\n\t\t\t\t<\/div>\n\t\t","protected":false},"excerpt":{"rendered":"<p>Pesquisa inicial sobre o estado do desenvolvimento de compet\u00eancias e eventos com impacto Aprendizagem entre parceiros em termos de eventos hist\u00f3ricos e culturais que influenciam os n\u00edveis de desenvolvimento de compet\u00eancias e mentalidade dos diferentes pa\u00edses europeus. A investiga\u00e7\u00e3o inicial permite \u00e0 parceria compreender n\u00e3o s\u00f3 como os eventos inesperados t\u00eam diferentes n\u00edveis de impacto&hellip;&nbsp;<a href=\"https:\/\/mayfin.erasmus.site\/pt\/project-results\/\" rel=\"bookmark\">Ler mais &raquo;<span class=\"screen-reader-text\">Resultados do projeto<\/span><\/a><\/p>\n","protected":false},"author":1,"featured_media":759,"parent":0,"menu_order":0,"comment_status":"closed","ping_status":"closed","template":"elementor_header_footer","meta":{"neve_meta_sidebar":"","neve_meta_container":"","neve_meta_enable_content_width":"off","neve_meta_content_width":100,"neve_meta_title_alignment":"","neve_meta_author_avatar":"","neve_post_elements_order":"","neve_meta_disable_header":"","neve_meta_disable_footer":"","neve_meta_disable_title":"","footnotes":""},"class_list":["post-222","page","type-page","status-publish","has-post-thumbnail","hentry"],"_links":{"self":[{"href":"https:\/\/mayfin.erasmus.site\/pt\/wp-json\/wp\/v2\/pages\/222","targetHints":{"allow":["GET"]}}],"collection":[{"href":"https:\/\/mayfin.erasmus.site\/pt\/wp-json\/wp\/v2\/pages"}],"about":[{"href":"https:\/\/mayfin.erasmus.site\/pt\/wp-json\/wp\/v2\/types\/page"}],"author":[{"embeddable":true,"href":"https:\/\/mayfin.erasmus.site\/pt\/wp-json\/wp\/v2\/users\/1"}],"replies":[{"embeddable":true,"href":"https:\/\/mayfin.erasmus.site\/pt\/wp-json\/wp\/v2\/comments?post=222"}],"version-history":[{"count":183,"href":"https:\/\/mayfin.erasmus.site\/pt\/wp-json\/wp\/v2\/pages\/222\/revisions"}],"predecessor-version":[{"id":1565,"href":"https:\/\/mayfin.erasmus.site\/pt\/wp-json\/wp\/v2\/pages\/222\/revisions\/1565"}],"wp:featuredmedia":[{"embeddable":true,"href":"https:\/\/mayfin.erasmus.site\/pt\/wp-json\/wp\/v2\/media\/759"}],"wp:attachment":[{"href":"https:\/\/mayfin.erasmus.site\/pt\/wp-json\/wp\/v2\/media?parent=222"}],"curies":[{"name":"wp","href":"https:\/\/api.w.org\/{rel}","templated":true}]}}