{"id":199,"date":"2024-02-16T12:04:18","date_gmt":"2024-02-16T12:04:18","guid":{"rendered":"https:\/\/mayfin.erasmus.site\/?page_id=199"},"modified":"2024-04-09T09:37:33","modified_gmt":"2024-04-09T09:37:33","slug":"about-the-project","status":"publish","type":"page","link":"https:\/\/mayfin.erasmus.site\/pt\/about-the-project\/","title":{"rendered":"Sobre o projeto"},"content":{"rendered":"<p>O principal objetivo do MAYFIN \u00e9 desenvolver um conjunto de solu\u00e7\u00f5es para colmatar o d\u00e9fice de compet\u00eancias de literacia financeira entre os jovens (entre os 15 e os 18 anos) com diferentes n\u00edveis de condi\u00e7\u00f5es socioecon\u00f3micas. Ao mesmo tempo que contribui para o refor\u00e7o da identidade europeia, o MAYFIN combina o conhecimento da literacia financeira com outras compet\u00eancias transversais identificadas.<\/p>\n<p>O objetivo do MAYFIN \u00e9 aumentar as compet\u00eancias-chave dos jovens desfavorecidos atrav\u00e9s de um jogo online que lhes permite obter as informa\u00e7\u00f5es necess\u00e1rias. Como resultado, as suas a\u00e7\u00f5es financeiras presentes e futuras podem ser baseadas e apoiadas por conhecimentos relevantes. Os resultados do MAYFIN destinam-se a desenvolver a mentalidade dos alunos para que possam envolver-se ativamente e confiar nas suas pr\u00f3prias decis\u00f5es financeiras ao longo dos seus anos escolares, bem como durante a sua futura vida adulta.<\/p>\n<p>Ao mesmo tempo que aborda a lacuna na literacia financeira, o MAYFIN incluir\u00e1 tamb\u00e9m uma investiga\u00e7\u00e3o aprofundada e elementos, no jogo online, que identificam os principais acontecimentos hist\u00f3ricos que tiveram impacto na mentalidade dos diferentes pa\u00edses e no desenvolvimento de compet\u00eancias financeiras. Isto ir\u00e1 apoiar uma compreens\u00e3o mais profunda da cultura europeia, contribuindo para o refor\u00e7o de uma identidade europeia nos grupos-alvo. Atrav\u00e9s da combina\u00e7\u00e3o de conte\u00fados de literacia financeira enquadrados por eventos hist\u00f3ricos, o grupo-alvo ser\u00e1 capaz de desenvolver uma melhor compreens\u00e3o da cultura europeia, enquanto os parceiros poder\u00e3o desenvolver resultados ajustados ao enquadramento dos pa\u00edses<\/p>","protected":false},"excerpt":{"rendered":"<p>O principal objetivo do MAYFIN \u00e9 desenvolver um conjunto de solu\u00e7\u00f5es para colmatar o d\u00e9fice de compet\u00eancias de literacia financeira entre os jovens (entre os 15 e os 18 anos) com diferentes n\u00edveis de condi\u00e7\u00f5es socioecon\u00f3micas. Ao mesmo tempo que contribui para o refor\u00e7o da identidade europeia, o MAYFIN combina o conhecimento da literacia financeira&hellip;&nbsp;<a href=\"https:\/\/mayfin.erasmus.site\/pt\/about-the-project\/\" rel=\"bookmark\">Ler mais &raquo;<span class=\"screen-reader-text\">Sobre o projeto<\/span><\/a><\/p>\n","protected":false},"author":1,"featured_media":234,"parent":0,"menu_order":0,"comment_status":"closed","ping_status":"closed","template":"","meta":{"neve_meta_sidebar":"","neve_meta_container":"","neve_meta_enable_content_width":"off","neve_meta_content_width":100,"neve_meta_title_alignment":"","neve_meta_author_avatar":"","neve_post_elements_order":"","neve_meta_disable_header":"","neve_meta_disable_footer":"","neve_meta_disable_title":"","footnotes":""},"class_list":["post-199","page","type-page","status-publish","has-post-thumbnail","hentry"],"_links":{"self":[{"href":"https:\/\/mayfin.erasmus.site\/pt\/wp-json\/wp\/v2\/pages\/199","targetHints":{"allow":["GET"]}}],"collection":[{"href":"https:\/\/mayfin.erasmus.site\/pt\/wp-json\/wp\/v2\/pages"}],"about":[{"href":"https:\/\/mayfin.erasmus.site\/pt\/wp-json\/wp\/v2\/types\/page"}],"author":[{"embeddable":true,"href":"https:\/\/mayfin.erasmus.site\/pt\/wp-json\/wp\/v2\/users\/1"}],"replies":[{"embeddable":true,"href":"https:\/\/mayfin.erasmus.site\/pt\/wp-json\/wp\/v2\/comments?post=199"}],"version-history":[{"count":72,"href":"https:\/\/mayfin.erasmus.site\/pt\/wp-json\/wp\/v2\/pages\/199\/revisions"}],"predecessor-version":[{"id":1104,"href":"https:\/\/mayfin.erasmus.site\/pt\/wp-json\/wp\/v2\/pages\/199\/revisions\/1104"}],"wp:featuredmedia":[{"embeddable":true,"href":"https:\/\/mayfin.erasmus.site\/pt\/wp-json\/wp\/v2\/media\/234"}],"wp:attachment":[{"href":"https:\/\/mayfin.erasmus.site\/pt\/wp-json\/wp\/v2\/media?parent=199"}],"curies":[{"name":"wp","href":"https:\/\/api.w.org\/{rel}","templated":true}]}}