{"id":1086,"date":"2024-04-09T08:40:27","date_gmt":"2024-04-09T08:40:27","guid":{"rendered":"https:\/\/mayfin.erasmus.site\/?page_id=1086"},"modified":"2026-03-21T14:44:42","modified_gmt":"2026-03-21T14:44:42","slug":"partnership","status":"publish","type":"page","link":"https:\/\/mayfin.erasmus.site\/pt\/partnership\/","title":{"rendered":"Parceria"},"content":{"rendered":"<p><\/p>\n<h2><img fetchpriority=\"high\" decoding=\"async\" class=\"size-full wp-image-1088 aligncenter\" src=\"https:\/\/mayfin.erasmus.site\/wp-content\/uploads\/2024\/04\/cwep.webp\" alt=\"\" width=\"300\" height=\"300\" srcset=\"https:\/\/mayfin.erasmus.site\/wp-content\/uploads\/2024\/04\/cwep.webp 300w, https:\/\/mayfin.erasmus.site\/wp-content\/uploads\/2024\/04\/cwep-150x150.webp 150w, https:\/\/mayfin.erasmus.site\/wp-content\/uploads\/2024\/04\/cwep-24x24.webp 24w, https:\/\/mayfin.erasmus.site\/wp-content\/uploads\/2024\/04\/cwep-36x36.webp 36w, https:\/\/mayfin.erasmus.site\/wp-content\/uploads\/2024\/04\/cwep-48x48.webp 48w\" sizes=\"(max-width: 300px) 100vw, 300px\" \/><\/h2>\n<h3 style=\"text-align: center;\"><strong>Centre For Education And Entrepreneurship Support &#8211; Pol\u00f3nia &#8211; Coordenador do Projeto<br \/>\n<\/strong><\/h3>\n<p>O Centro de Apoio \u00e0 Educa\u00e7\u00e3o e ao Empreendedorismo (CWEP) \u00e9 uma organiza\u00e7\u00e3o n\u00e3o governamental fundada em 2004 por um grupo de empres\u00e1rios, professores e ativistas sociais de Rzesz\u00f3w, na Pol\u00f3nia. O CWEP coopera com empresas e institui\u00e7\u00f5es de ensino. A miss\u00e3o da CWEP \u00e9 aumentar a qualidade da forma\u00e7\u00e3o educativa a todos os n\u00edveis e em todas as suas formas, bem como promover o empreendedorismo, a fim de fomentar a integra\u00e7\u00e3o de qualquer grupo social, independentemente do seu g\u00e9nero, idade ou origem \u00e9tnica. Em particular, os objetivos s\u00e3o melhorar a acessibilidade, a qualidade e a efici\u00eancia da educa\u00e7\u00e3o de todas as pessoas, promover e contribuir para a educa\u00e7\u00e3o de adultos e a aprendizagem ao longo da vida, a aprendizagem eletr\u00f3nica e a utiliza\u00e7\u00e3o das novas tecnologias na educa\u00e7\u00e3o e no empreendedorismo. A Associa\u00e7\u00e3o trabalha com muitos parceiros da Europa para refor\u00e7ar a posi\u00e7\u00e3o econ\u00f3mica das empresas e fornece plataformas online para as empresas.<\/p>\n<p>Website:<\/p>\n<p><a href=\"https:\/\/cwep.eu\/\">https:\/\/cwep.eu\/<\/a><\/p>\n<p>Redes socias:<\/p>\n<p><a href=\"https:\/\/www.facebook.com\/CWEP.EU\">https:\/\/www.facebook.com\/CWEP.EU<\/a><\/p>\n<p><a href=\"https:\/\/www.linkedin.com\/company\/cwep\/\">https:\/\/www.linkedin.com\/company\/cwep\/<\/a><\/p>\n<hr \/>\n<h2><img decoding=\"async\" class=\"wp-image-1089 size-full aligncenter\" src=\"https:\/\/mayfin.erasmus.site\/wp-content\/uploads\/2024\/04\/coso.webp\" alt=\"\" width=\"300\" height=\"300\" srcset=\"https:\/\/mayfin.erasmus.site\/wp-content\/uploads\/2024\/04\/coso.webp 300w, https:\/\/mayfin.erasmus.site\/wp-content\/uploads\/2024\/04\/coso-150x150.webp 150w, https:\/\/mayfin.erasmus.site\/wp-content\/uploads\/2024\/04\/coso-24x24.webp 24w, https:\/\/mayfin.erasmus.site\/wp-content\/uploads\/2024\/04\/coso-36x36.webp 36w, https:\/\/mayfin.erasmus.site\/wp-content\/uploads\/2024\/04\/coso-48x48.webp 48w\" sizes=\"(max-width: 300px) 100vw, 300px\" \/><\/h2>\n<h3 style=\"text-align: center;\">Co&amp;So \u2013 <strong>Italia<\/strong><\/h3>\n<p>Co&amp;So \u00e9 um cons\u00f3rcio localizado em Floren\u00e7a que inclui 14 cooperativas que trabalham no dom\u00ednio educativo, social e cultural. A Co&amp;So tem 33 funcion\u00e1rios que prestam servi\u00e7os aos membros associados. Os principais servi\u00e7os s\u00e3o: administra\u00e7\u00e3o, monitoriza\u00e7\u00e3o e apresenta\u00e7\u00e3o de convites \u00e0 apresenta\u00e7\u00e3o de propostas, principalmente no dom\u00ednio dos contratos p\u00fablicos, oferta de oportunidades europeias para promover a inova\u00e7\u00e3o nas cooperativas em termos de melhoria das compet\u00eancias dos funcion\u00e1rios e dos servi\u00e7os oferecidos, certifica\u00e7\u00e3o da qualidade e comunica\u00e7\u00e3o. No total, o pessoal que trabalha nas cooperativas associadas \u00e9 de quase 5000 profissionais. Na Co&amp;So, existe um gabinete especial que trabalha apenas com o financiamento europeu, com pessoal muito qualificado com mais de 15 anos de experi\u00eancia.<\/p>\n<p>9 das cooperativas da Co&amp;So trabalham diretamente com o grupo-alvo do projeto e gerem servi\u00e7os e projetos educativos para jovens desfavorecidos. Estas cooperativas trabalham na \u00e1rea de Floren\u00e7a, Lucca, Pistoia, Pisa, Grosseto, Prato e Arezzo e gerem cerca de 209 servi\u00e7os, alguns em nome das autoridades p\u00fablicas, outros a t\u00edtulo privado, havendo cerca de 1160 pessoas qualificadas a trabalhar neste sector e o n\u00famero de benefici\u00e1rios \u00e9 de 13.000.<\/p>\n<p>Website:<\/p>\n<p><a href=\"https:\/\/coeso.org\/\">https:\/\/coeso.org\/<\/a><\/p>\n<p>Redes socias:<\/p>\n<p><a href=\"https:\/\/www.facebook.com\/consorziocoeso\">https:\/\/www.facebook.com\/consorziocoeso<\/a><\/p>\n<p><a href=\"http:\/\/www.youtube.com\/@consorzio_coeso\">http:\/\/www.youtube.com\/@consorzio_coeso<\/a><\/p>\n<p><a href=\"https:\/\/www.linkedin.com\/company\/consorzio-coeso\/\">https:\/\/www.linkedin.com\/company\/consorzio-coeso\/<\/a><\/p>\n<p><a href=\"https:\/\/www.instagram.com\/consorziocoeso\/\">https:\/\/www.instagram.com\/consorziocoeso\/<\/a><\/p>\n<hr \/>\n<h2><img decoding=\"async\" class=\"wp-image-1090 size-full aligncenter\" src=\"https:\/\/mayfin.erasmus.site\/wp-content\/uploads\/2024\/04\/ed.webp\" alt=\"\" width=\"300\" height=\"300\" srcset=\"https:\/\/mayfin.erasmus.site\/wp-content\/uploads\/2024\/04\/ed.webp 300w, https:\/\/mayfin.erasmus.site\/wp-content\/uploads\/2024\/04\/ed-150x150.webp 150w, https:\/\/mayfin.erasmus.site\/wp-content\/uploads\/2024\/04\/ed-24x24.webp 24w, https:\/\/mayfin.erasmus.site\/wp-content\/uploads\/2024\/04\/ed-36x36.webp 36w, https:\/\/mayfin.erasmus.site\/wp-content\/uploads\/2024\/04\/ed-48x48.webp 48w\" sizes=\"(max-width: 300px) 100vw, 300px\" \/><\/h2>\n<h3 style=\"text-align: center;\">E&amp;D Knowledge Consulting Lda. &#8211; Portugal<\/h3>\n<p>A E&amp;D Knowledge Consulting \u00e9 uma empresa de consultoria e forma\u00e7\u00e3o profissional especializada no apoio ao desenvolvimento de compet\u00eancias necess\u00e1rias \u00e0 promo\u00e7\u00e3o da inova\u00e7\u00e3o nos sectores empresarial, p\u00fablico e social. As principais atividades da E&amp;D est\u00e3o centradas em fornecer aos gestores e empres\u00e1rios as compet\u00eancias, conhecimentos e ferramentas necess\u00e1rias para implementar e executar com sucesso estrat\u00e9gias de inova\u00e7\u00e3o nas suas organiza\u00e7\u00f5es, mas tamb\u00e9m para promover a inova\u00e7\u00e3o no seu ambiente.<\/p>\n<p>A E&amp;D especializa-se no apoio \u00e0 introdu\u00e7\u00e3o de opera\u00e7\u00f5es de inova\u00e7\u00e3o nas organiza\u00e7\u00f5es &#8211; desde auditorias de inova\u00e7\u00e3o, passando pelo apoio \u00e0 defini\u00e7\u00e3o e implementa\u00e7\u00e3o de estrat\u00e9gias de inova\u00e7\u00e3o, at\u00e9 ao desenvolvimento de processos e mecanismos de inova\u00e7\u00e3o adaptados \u00e0s necessidades individuais das organiza\u00e7\u00f5es. Presta especial aten\u00e7\u00e3o ao fornecimento de aptid\u00f5es e compet\u00eancias necess\u00e1rias para uma inova\u00e7\u00e3o bem-sucedida, entre os l\u00edderes e gestores, bem como entre os trabalhadores.<\/p>\n<p>Os produtos da E&amp;D s\u00e3o definidos individualmente com base nas necessidades espec\u00edficas de cada organiza\u00e7\u00e3o.<\/p>\n<p>Website:<\/p>\n<p><a href=\"https:\/\/ed-knowledgeconsulting.com\/\">https:\/\/ed-knowledgeconsulting.com<\/a><\/p>\n<p>Redes socias:<\/p>\n<p><a href=\"https:\/\/www.facebook.com\/EDKnowledgeConsulting\">https:\/\/www.facebook.com\/EDKnowledgeConsulting<\/a><\/p>\n<p><a href=\"https:\/\/www.linkedin.com\/company\/e&amp;d-knowledge-consulting\/\">https:\/\/www.linkedin.com\/company\/e&amp;d-knowledge-consulting\/<\/a><\/p>\n<p>&nbsp;<\/p>\n<hr \/>\n<h2><img loading=\"lazy\" decoding=\"async\" class=\"wp-image-1091 size-full aligncenter\" src=\"https:\/\/mayfin.erasmus.site\/wp-content\/uploads\/2024\/04\/lovila.webp\" alt=\"\" width=\"300\" height=\"300\" srcset=\"https:\/\/mayfin.erasmus.site\/wp-content\/uploads\/2024\/04\/lovila.webp 300w, https:\/\/mayfin.erasmus.site\/wp-content\/uploads\/2024\/04\/lovila-150x150.webp 150w, https:\/\/mayfin.erasmus.site\/wp-content\/uploads\/2024\/04\/lovila-24x24.webp 24w, https:\/\/mayfin.erasmus.site\/wp-content\/uploads\/2024\/04\/lovila-36x36.webp 36w, https:\/\/mayfin.erasmus.site\/wp-content\/uploads\/2024\/04\/lovila-48x48.webp 48w\" sizes=\"(max-width: 300px) 100vw, 300px\" \/><\/h2>\n<h3 style=\"text-align: center;\">Lovila &#8211; <strong>Chipre<\/strong><\/h3>\n<p>A Lovila \u00e9 uma institui\u00e7\u00e3o cipriota de consultoria e forma\u00e7\u00e3o criada com o objetivo de fomentar o desenvolvimento profissional e pessoal de indiv\u00edduos, empresas e neg\u00f3cios rec\u00e9m-criados, centrada na promo\u00e7\u00e3o da inclus\u00e3o social e da mudan\u00e7a ambiental, da digitaliza\u00e7\u00e3o e da inova\u00e7\u00e3o a diferentes n\u00edveis e contextos. A Lovila presta um apoio formativo de alto n\u00edvel a jovens e adultos com necessidades de integra\u00e7\u00e3o profissional, desenvolvimento de compet\u00eancias e qualifica\u00e7\u00f5es b\u00e1sicas, compet\u00eancias digitais e empresariais, integra\u00e7\u00e3o e reinser\u00e7\u00e3o no mercado de trabalho, motiva\u00e7\u00e3o, aconselhamento e orienta\u00e7\u00e3o laboral.<\/p>\n<p>A Lovila tem como objetivo identificar os principais fatores e obst\u00e1culos que influenciam a educa\u00e7\u00e3o para a sustentabilidade, avaliar as abordagens existentes e desenvolver materiais e programas educativos eficazes para promover a mudan\u00e7a de comportamentos no sentido de pr\u00e1ticas sustent\u00e1veis. Em seguida, atrav\u00e9s das suas a\u00e7\u00f5es, Lovila tende a transformar o contexto local, regional e nacional para alcan\u00e7ar um desenvolvimento inclusivo, centrado nas pessoas e sustent\u00e1vel.<\/p>\n<p>Website:<\/p>\n<p><a href=\"https:\/\/lovila.eu\/\">https:\/\/lovila.eu\/#<\/a><\/p>\n<p>Redes socias:<\/p>\n<p><a href=\"https:\/\/www.facebook.com\/lovila.cyprus\">https:\/\/www.facebook.com\/lovila.cyprus<\/a><\/p>\n<p><a href=\"https:\/\/www.linkedin.com\/company\/86194853\/admin\/feed\/posts\/\">https:\/\/www.linkedin.com\/company\/86194853\/admin\/feed\/posts\/<\/a><\/p>\n<hr \/>\n<h2><img loading=\"lazy\" decoding=\"async\" class=\"wp-image-1092 size-full aligncenter\" src=\"https:\/\/mayfin.erasmus.site\/wp-content\/uploads\/2024\/04\/meus.webp\" alt=\"\" width=\"300\" height=\"300\" srcset=\"https:\/\/mayfin.erasmus.site\/wp-content\/uploads\/2024\/04\/meus.webp 300w, https:\/\/mayfin.erasmus.site\/wp-content\/uploads\/2024\/04\/meus-150x150.webp 150w, https:\/\/mayfin.erasmus.site\/wp-content\/uploads\/2024\/04\/meus-24x24.webp 24w, https:\/\/mayfin.erasmus.site\/wp-content\/uploads\/2024\/04\/meus-36x36.webp 36w, https:\/\/mayfin.erasmus.site\/wp-content\/uploads\/2024\/04\/meus-48x48.webp 48w\" sizes=\"(max-width: 300px) 100vw, 300px\" \/><\/h2>\n<h3 style=\"text-align: center;\">Markeut Skills Sociedad Limitada &#8211; Espanha<\/h3>\n<p>MEUS \u00e9 uma organiza\u00e7\u00e3o privada com sede em Val\u00eancia, Espanha, cujo objetivo \u00e9 melhorar as capacidades das pessoas no seu ambiente, tanto profissional como privado, bem como em todas as fases da sua vida, desde a escola at\u00e9 \u00e0 educa\u00e7\u00e3o de adultos.<\/p>\n<p>Em conson\u00e2ncia com a estrat\u00e9gia educativa europeia, a MEUS trabalha no desenvolvimento de novos materiais e metodologias de forma\u00e7\u00e3o adaptados aos diferentes objetivos e necessidades do mercado econ\u00f3mico, para melhorar a integra\u00e7\u00e3o no local de trabalho.<\/p>\n<p>MEUS \u00e9 especialista em novos m\u00e9todos de aprendizagem, baseados em formas participativas e colaborativas de aprendizagem. As nossas atividades de forma\u00e7\u00e3o baseiam-se na forma\u00e7\u00e3o experiencial e na aprendizagem pela pr\u00e1tica, com o objetivo de manter os formandos alerta para que possam aprender novas compet\u00eancias de forma divertida. A MEUS explora largamente a gamifica\u00e7\u00e3o(aplica\u00e7\u00e3o de jogas na aprendizagem), desenvolvendo desafios que os formandos t\u00eam de ultrapassar individualmente ou em equipa.<\/p>\n<p>A MEUS incentiva a cria\u00e7\u00e3o e a consolida\u00e7\u00e3o de empresas, oferecendo aconselhamento e forma\u00e7\u00e3o a empres\u00e1rios, inova\u00e7\u00e3o criativa, inova\u00e7\u00e3o social, inova\u00e7\u00e3o tecnol\u00f3gica, nascimento de novos projetos empresariais, cria\u00e7\u00e3o de empresas sustent\u00e1veis e desenvolvimento de territ\u00f3rios.<\/p>\n<p>O nosso segundo foco principal \u00e9 o desenvolvimento sustent\u00e1vel, e tem em conta as preocupa\u00e7\u00f5es ambientais, bem como o crescimento sustent\u00e1vel e o desenvolvimento local como um elemento-chave das suas miss\u00f5es, promovendo mudan\u00e7as comportamentais na sociedade para se adaptar \u00e0s necessidades atuais (consumo sustent\u00e1vel, otimiza\u00e7\u00e3o de res\u00edduos, etc.).<\/p>\n<p>MEUS explora e promove modelos empresariais sustent\u00e1veis, procurando a implementa\u00e7\u00e3o das melhores pr\u00e1ticas de RSE. A MEUS apoia fortemente sectores novos e em crescimento da economia e est\u00e1 atenta \u00e0s mudan\u00e7as sociais, raz\u00e3o pela qual estamos particularmente empenhados em quest\u00f5es como a economia verde (e as compet\u00eancias verdes), a economia laranja (cultura), as TIC, a adapta\u00e7\u00e3o ao envelhecimento da popula\u00e7\u00e3o e \u00e0s novas caracter\u00edsticas demogr\u00e1ficas que geram uma maior procura de servi\u00e7os presenciais, etc<\/p>\n<p>Website:<\/p>\n<p><a href=\"https:\/\/meuskills.eu\">https:\/\/meuskills.eu<\/a><\/p>\n<p>Redes socias:<\/p>\n<p><a href=\"https:\/\/www.facebook.com\/search\/top?q=markeut%20skills%20sl\">https:\/\/www.facebook.com\/search\/top?q=markeut%20skills%20sl<\/a><\/p>\n<p><a href=\"https:\/\/www.linkedin.com\/company\/meuskills\">https:\/\/www.linkedin.com\/company\/meuskills<\/a><\/p>\n<hr \/>\n<h2><img loading=\"lazy\" decoding=\"async\" class=\"wp-image-1093 size-full aligncenter\" src=\"https:\/\/mayfin.erasmus.site\/wp-content\/uploads\/2024\/04\/scoutsociety.webp\" alt=\"\" width=\"300\" height=\"300\" srcset=\"https:\/\/mayfin.erasmus.site\/wp-content\/uploads\/2024\/04\/scoutsociety.webp 300w, https:\/\/mayfin.erasmus.site\/wp-content\/uploads\/2024\/04\/scoutsociety-150x150.webp 150w, https:\/\/mayfin.erasmus.site\/wp-content\/uploads\/2024\/04\/scoutsociety-24x24.webp 24w, https:\/\/mayfin.erasmus.site\/wp-content\/uploads\/2024\/04\/scoutsociety-36x36.webp 36w, https:\/\/mayfin.erasmus.site\/wp-content\/uploads\/2024\/04\/scoutsociety-48x48.webp 48w\" sizes=\"(max-width: 300px) 100vw, 300px\" \/><\/h2>\n<h3 style=\"text-align: center;\">Scout Society \u2013 <strong>Rom\u00e9nia<\/strong><\/h3>\n<p>A associa\u00e7\u00e3o Sociedade de Escuteiros foi criada em 2011. O objetivo da organiza\u00e7\u00e3o \u00e9 incentivar o voluntariado e contribuir para o desenvolvimento da comunidade local, especialmente no processo de educa\u00e7\u00e3o dos jovens atrav\u00e9s de atividades de educa\u00e7\u00e3o n\u00e3o formal.<\/p>\n<p>A partir do desejo de ajudar os jovens a crescer pessoal e profissionalmente, mas tamb\u00e9m de os envolver na sociedade e nas comunidades locais de onde prov\u00eam, a associa\u00e7\u00e3o come\u00e7ou a desenvolver o seu campo de atividade, realizando projetos com v\u00e1rios temas (como o desporto, a sa\u00fade, o multiculturalismo, a toler\u00e2ncia para com os outros, a discrimina\u00e7\u00e3o, o aumento da empregabilidade, a orienta\u00e7\u00e3o profissional), mas mantendo o mesmo objetivo desde a sua cria\u00e7\u00e3o &#8211; ajudar os jovens no seu desenvolvimento e forma\u00e7\u00e3o como indiv\u00edduos envolvidos na sociedade, que preservam e partilham com os outros valores europeus (unidade, comunica\u00e7\u00e3o, toler\u00e2ncia, solidariedade, respeito, igualdade, comunica\u00e7\u00e3o, pluralismo, paz, democracia, liberdade).<\/p>\n<p>Nos \u00faltimos anos, a associa\u00e7\u00e3o desenvolveu uma coopera\u00e7\u00e3o internacional significativa, tendo atualmente parcerias com organiza\u00e7\u00f5es da Cro\u00e1cia, Rep\u00fablica Checa, Espanha, Eslov\u00e9nia, Bulg\u00e1ria, Hungria, Pol\u00f3nia, Turquia, Litu\u00e2nia) e levou a cabo um n\u00famero significativo de projetos e atividades de voluntariado, interc\u00e2mbios de jovens, parcerias estrat\u00e9gicas que envolveram mais de 2000 jovens de diferentes comunidades na Rom\u00e9nia.<\/p>\n<p>Website:<\/p>\n<p><a href=\"https:\/\/scoutsociety.ro\/\">https:\/\/scoutsociety.ro\/<\/a><\/p>\n<p>Redes socias:<\/p>\n<p><a href=\"https:\/\/www.facebook.com\/ScoutSociety\">https:\/\/www.facebook.com\/ScoutSociety<\/a><\/p>\n<p><a href=\"https:\/\/www.instagram.com\/scout_society\/\">https:\/\/www.instagram.com\/scout_society\/<\/a><\/p>\n<p><a href=\"https:\/\/ro.linkedin.com\/company\/scoutsociety\">https:\/\/ro.linkedin.com\/company\/scoutsociety<\/a><\/p>","protected":false},"excerpt":{"rendered":"<p>Centre For Education And Entrepreneurship Support &#8211; Pol\u00f3nia &#8211; Coordenador do Projeto O Centro de Apoio \u00e0 Educa\u00e7\u00e3o e ao Empreendedorismo (CWEP) \u00e9 uma organiza\u00e7\u00e3o n\u00e3o governamental fundada em 2004 por um grupo de empres\u00e1rios, professores e ativistas sociais de Rzesz\u00f3w, na Pol\u00f3nia. O CWEP coopera com empresas e institui\u00e7\u00f5es de ensino. A miss\u00e3o da&hellip;&nbsp;<a href=\"https:\/\/mayfin.erasmus.site\/pt\/partnership\/\" rel=\"bookmark\">Ler mais &raquo;<span class=\"screen-reader-text\">Parceria<\/span><\/a><\/p>\n","protected":false},"author":1,"featured_media":60,"parent":0,"menu_order":0,"comment_status":"closed","ping_status":"closed","template":"","meta":{"neve_meta_sidebar":"","neve_meta_container":"","neve_meta_enable_content_width":"off","neve_meta_content_width":100,"neve_meta_title_alignment":"","neve_meta_author_avatar":"","neve_post_elements_order":"","neve_meta_disable_header":"","neve_meta_disable_footer":"","neve_meta_disable_title":"","footnotes":""},"class_list":["post-1086","page","type-page","status-publish","has-post-thumbnail","hentry"],"_links":{"self":[{"href":"https:\/\/mayfin.erasmus.site\/pt\/wp-json\/wp\/v2\/pages\/1086","targetHints":{"allow":["GET"]}}],"collection":[{"href":"https:\/\/mayfin.erasmus.site\/pt\/wp-json\/wp\/v2\/pages"}],"about":[{"href":"https:\/\/mayfin.erasmus.site\/pt\/wp-json\/wp\/v2\/types\/page"}],"author":[{"embeddable":true,"href":"https:\/\/mayfin.erasmus.site\/pt\/wp-json\/wp\/v2\/users\/1"}],"replies":[{"embeddable":true,"href":"https:\/\/mayfin.erasmus.site\/pt\/wp-json\/wp\/v2\/comments?post=1086"}],"version-history":[{"count":9,"href":"https:\/\/mayfin.erasmus.site\/pt\/wp-json\/wp\/v2\/pages\/1086\/revisions"}],"predecessor-version":[{"id":1573,"href":"https:\/\/mayfin.erasmus.site\/pt\/wp-json\/wp\/v2\/pages\/1086\/revisions\/1573"}],"wp:featuredmedia":[{"embeddable":true,"href":"https:\/\/mayfin.erasmus.site\/pt\/wp-json\/wp\/v2\/media\/60"}],"wp:attachment":[{"href":"https:\/\/mayfin.erasmus.site\/pt\/wp-json\/wp\/v2\/media?parent=1086"}],"curies":[{"name":"wp","href":"https:\/\/api.w.org\/{rel}","templated":true}]}}