{"id":199,"date":"2024-02-16T12:04:18","date_gmt":"2024-02-16T12:04:18","guid":{"rendered":"https:\/\/mayfin.erasmus.site\/?page_id=199"},"modified":"2024-04-09T09:37:33","modified_gmt":"2024-04-09T09:37:33","slug":"about-the-project","status":"publish","type":"page","link":"https:\/\/mayfin.erasmus.site\/pl\/about-the-project\/","title":{"rendered":"Opis projektu"},"content":{"rendered":"<p>G\u0142\u00f3wnym celem projektu MAYFIN jest opracowanie zestawu rozwi\u0105za\u0144 poszerzaj\u0105cych wiedz\u0119 finansow\u0105 m\u0142odych ludzi (15-18 lat), uwzgl\u0119dniaj\u0105c ich r\u00f3\u017cne uwarunkowania spo\u0142eczno-ekonomiczne. Przyczyniaj\u0105c si\u0119 do wzmocnienia to\u017csamo\u015bci europejskiej, projekt \u0142\u0105czy wiedz\u0119 z zakresu finans\u00f3w z innymi umiej\u0119tno\u015bciami mi\u0119kkimi.<\/p>\n<p>Za\u0142o\u017ceniem projektu jest zapewnienie m\u0142odym ludziom znajduj\u0105cym si\u0119<br \/>\nw niekorzystnej sytuacji dost\u0119pu do niezb\u0119dnych informacji za po\u015brednictwem gry online, przyczyniaj\u0105c si\u0119 w ten spos\u00f3b do rozwoju umiej\u0119tno\u015bci pozwalaj\u0105cych im odnie\u015b\u0107 sukces ekonomiczny. Kolejnym celem projektu jest rozwini\u0119cie \u015bwiadomo\u015bci m\u0142odych ludzi, tak aby mogli aktywnie i ufnie podejmowa\u0107 w\u0142asne decyzje finansowe w latach szkolnych, a tak\u017ce w p\u00f3\u017aniejszym doros\u0142ym \u017cyciu.<\/p>\n<p>W celu przeciwdzia\u0142ania brakom kompetencji finansowych, MAYFIN wykorzystuje przeprowadzone badania oraz elementy gry online, kt\u00f3re identyfikuj\u0105 kluczowe wydarzenia historyczne maj\u0105ce wp\u0142yw na rozw\u00f3j umiej\u0119tno\u015bci finansowych w r\u00f3\u017cnych krajach. Podej\u015bcie to ma na celu zrozumienie kultury europejskiej, co z kolei przyczyni si\u0119 do wzmocnienia poczucia to\u017csamo\u015bci europejskiej w\u015br\u00f3d grup docelowych. Poprzez zestawienie tre\u015bci dotycz\u0105cych umiej\u0119tno\u015bci finansowych z wydarzeniami historycznymi, odbiorcy zrozumiej\u0105 r\u00f3\u017cnorodno\u015b\u0107 kulturow\u0105 Europy, a partnerzy b\u0119d\u0105 mogli dostosowa\u0107 rezultaty projektu do specyfiki poszczeg\u00f3lnych kraj\u00f3w europejskich.<\/p>","protected":false},"excerpt":{"rendered":"<p>G\u0142\u00f3wnym celem projektu MAYFIN jest opracowanie zestawu rozwi\u0105za\u0144 poszerzaj\u0105cych wiedz\u0119 finansow\u0105 m\u0142odych ludzi (15-18 lat), uwzgl\u0119dniaj\u0105c ich r\u00f3\u017cne uwarunkowania spo\u0142eczno-ekonomiczne. Przyczyniaj\u0105c si\u0119 do wzmocnienia to\u017csamo\u015bci europejskiej, projekt \u0142\u0105czy wiedz\u0119 z zakresu finans\u00f3w z innymi umiej\u0119tno\u015bciami mi\u0119kkimi. Za\u0142o\u017ceniem projektu jest zapewnienie m\u0142odym ludziom znajduj\u0105cym si\u0119 w niekorzystnej sytuacji dost\u0119pu do niezb\u0119dnych informacji za po\u015brednictwem gry online,&hellip;&nbsp;<a href=\"https:\/\/mayfin.erasmus.site\/pl\/about-the-project\/\" rel=\"bookmark\">Dowiedz si\u0119 wi\u0119cej &raquo;<span class=\"screen-reader-text\">Opis projektu<\/span><\/a><\/p>\n","protected":false},"author":1,"featured_media":234,"parent":0,"menu_order":0,"comment_status":"closed","ping_status":"closed","template":"","meta":{"neve_meta_sidebar":"","neve_meta_container":"","neve_meta_enable_content_width":"off","neve_meta_content_width":100,"neve_meta_title_alignment":"","neve_meta_author_avatar":"","neve_post_elements_order":"","neve_meta_disable_header":"","neve_meta_disable_footer":"","neve_meta_disable_title":"","footnotes":""},"class_list":["post-199","page","type-page","status-publish","has-post-thumbnail","hentry"],"_links":{"self":[{"href":"https:\/\/mayfin.erasmus.site\/pl\/wp-json\/wp\/v2\/pages\/199","targetHints":{"allow":["GET"]}}],"collection":[{"href":"https:\/\/mayfin.erasmus.site\/pl\/wp-json\/wp\/v2\/pages"}],"about":[{"href":"https:\/\/mayfin.erasmus.site\/pl\/wp-json\/wp\/v2\/types\/page"}],"author":[{"embeddable":true,"href":"https:\/\/mayfin.erasmus.site\/pl\/wp-json\/wp\/v2\/users\/1"}],"replies":[{"embeddable":true,"href":"https:\/\/mayfin.erasmus.site\/pl\/wp-json\/wp\/v2\/comments?post=199"}],"version-history":[{"count":72,"href":"https:\/\/mayfin.erasmus.site\/pl\/wp-json\/wp\/v2\/pages\/199\/revisions"}],"predecessor-version":[{"id":1104,"href":"https:\/\/mayfin.erasmus.site\/pl\/wp-json\/wp\/v2\/pages\/199\/revisions\/1104"}],"wp:featuredmedia":[{"embeddable":true,"href":"https:\/\/mayfin.erasmus.site\/pl\/wp-json\/wp\/v2\/media\/234"}],"wp:attachment":[{"href":"https:\/\/mayfin.erasmus.site\/pl\/wp-json\/wp\/v2\/media?parent=199"}],"curies":[{"name":"wp","href":"https:\/\/api.w.org\/{rel}","templated":true}]}}