{"id":197,"date":"2024-02-16T12:03:56","date_gmt":"2024-02-16T12:03:56","guid":{"rendered":"https:\/\/mayfin.erasmus.site\/?page_id=197"},"modified":"2024-04-15T11:10:53","modified_gmt":"2024-04-15T11:10:53","slug":"home","status":"publish","type":"page","link":"https:\/\/mayfin.erasmus.site\/pl\/","title":{"rendered":"Strona g\u0142\u00f3wna"},"content":{"rendered":"\t\t<div data-elementor-type=\"wp-page\" data-elementor-id=\"197\" class=\"elementor elementor-197\">\n\t\t\t\t<div class=\"elementor-element elementor-element-2693153 e-flex e-con-boxed e-con e-parent\" data-id=\"2693153\" data-element_type=\"container\" data-e-type=\"container\" data-settings=\"{&quot;background_background&quot;:&quot;classic&quot;}\">\n\t\t\t\t\t<div class=\"e-con-inner\">\n\t\t\t\t<div class=\"elementor-element elementor-element-787da4d elementor-widget elementor-widget-spacer\" data-id=\"787da4d\" data-element_type=\"widget\" data-e-type=\"widget\" data-widget_type=\"spacer.default\">\n\t\t\t\t<div class=\"elementor-widget-container\">\n\t\t\t\t\t\t\t<div class=\"elementor-spacer\">\n\t\t\t<div class=\"elementor-spacer-inner\"><\/div>\n\t\t<\/div>\n\t\t\t\t\t\t<\/div>\n\t\t\t\t<\/div>\n\t\t\t\t<div class=\"elementor-element elementor-element-9893c27 elementor-widget__width-initial elementor-widget elementor-widget-text-editor\" data-id=\"9893c27\" data-element_type=\"widget\" data-e-type=\"widget\" data-widget_type=\"text-editor.default\">\n\t\t\t\t<div class=\"elementor-widget-container\">\n\t\t\t\t\t\t\t\t\t<p><strong>MAYFIN: Wspieranie wielokierunkowych dzia\u0142a\u0144 zwi\u0119kszaj\u0105cych wiedz\u0119 finansow\u0105 w\u015br\u00f3d m\u0142odych uczni\u00f3w znajduj\u0105cych si\u0119 <br \/>w trudnej sytuacji spo\u0142ecznej <\/strong><\/p>\t\t\t\t\t\t\t\t<\/div>\n\t\t\t\t<\/div>\n\t\t\t\t<div class=\"elementor-element elementor-element-7d67493 elementor-widget-tablet__width-initial elementor-widget-mobile__width-initial elementor-widget elementor-widget-text-editor\" data-id=\"7d67493\" data-element_type=\"widget\" data-e-type=\"widget\" data-widget_type=\"text-editor.default\">\n\t\t\t\t<div class=\"elementor-widget-container\">\n\t\t\t\t\t\t\t\t\t<p><strong>Sektor: Wsp\u00f3\u0142praca partnerska na rzecz m\u0142odzie\u017cy<\/strong><\/p>\t\t\t\t\t\t\t\t<\/div>\n\t\t\t\t<\/div>\n\t\t\t\t<div class=\"elementor-element elementor-element-72cad98 elementor-widget elementor-widget-spacer\" data-id=\"72cad98\" data-element_type=\"widget\" data-e-type=\"widget\" data-widget_type=\"spacer.default\">\n\t\t\t\t<div class=\"elementor-widget-container\">\n\t\t\t\t\t\t\t<div class=\"elementor-spacer\">\n\t\t\t<div class=\"elementor-spacer-inner\"><\/div>\n\t\t<\/div>\n\t\t\t\t\t\t<\/div>\n\t\t\t\t<\/div>\n\t\t\t\t<div class=\"elementor-element elementor-element-74ac1ab elementor-widget-tablet__width-initial elementor-widget-mobile__width-initial elementor-widget elementor-widget-text-editor\" data-id=\"74ac1ab\" data-element_type=\"widget\" data-e-type=\"widget\" data-widget_type=\"text-editor.default\">\n\t\t\t\t<div class=\"elementor-widget-container\">\n\t\t\t\t\t\t\t\t\t<p>Numer projektu: 2023-1-PL01-KA220-YOU-000159009<br \/>Czas realizacji: 01.10.2023 &#8211; 30.09.2025<\/p>\t\t\t\t\t\t\t\t<\/div>\n\t\t\t\t<\/div>\n\t\t\t\t\t<\/div>\n\t\t\t\t<\/div>\n\t\t\t\t<\/div>\n\t\t","protected":false},"excerpt":{"rendered":"<p>MAYFIN: Wspieranie wielokierunkowych dzia\u0142a\u0144 zwi\u0119kszaj\u0105cych wiedz\u0119 finansow\u0105 w\u015br\u00f3d m\u0142odych uczni\u00f3w znajduj\u0105cych si\u0119 w trudnej sytuacji spo\u0142ecznej Sektor: Wsp\u00f3\u0142praca partnerska na rzecz m\u0142odzie\u017cy Numer projektu: 2023-1-PL01-KA220-YOU-000159009 Czas realizacji: 01.10.2023 &#8211; 30.09.2025<\/p>\n","protected":false},"author":1,"featured_media":0,"parent":0,"menu_order":0,"comment_status":"closed","ping_status":"closed","template":"elementor_header_footer","meta":{"neve_meta_sidebar":"","neve_meta_container":"","neve_meta_enable_content_width":"off","neve_meta_content_width":100,"neve_meta_title_alignment":"","neve_meta_author_avatar":"","neve_post_elements_order":"","neve_meta_disable_header":"","neve_meta_disable_footer":"","neve_meta_disable_title":"on","footnotes":""},"class_list":["post-197","page","type-page","status-publish","hentry"],"_links":{"self":[{"href":"https:\/\/mayfin.erasmus.site\/pl\/wp-json\/wp\/v2\/pages\/197","targetHints":{"allow":["GET"]}}],"collection":[{"href":"https:\/\/mayfin.erasmus.site\/pl\/wp-json\/wp\/v2\/pages"}],"about":[{"href":"https:\/\/mayfin.erasmus.site\/pl\/wp-json\/wp\/v2\/types\/page"}],"author":[{"embeddable":true,"href":"https:\/\/mayfin.erasmus.site\/pl\/wp-json\/wp\/v2\/users\/1"}],"replies":[{"embeddable":true,"href":"https:\/\/mayfin.erasmus.site\/pl\/wp-json\/wp\/v2\/comments?post=197"}],"version-history":[{"count":71,"href":"https:\/\/mayfin.erasmus.site\/pl\/wp-json\/wp\/v2\/pages\/197\/revisions"}],"predecessor-version":[{"id":1203,"href":"https:\/\/mayfin.erasmus.site\/pl\/wp-json\/wp\/v2\/pages\/197\/revisions\/1203"}],"wp:attachment":[{"href":"https:\/\/mayfin.erasmus.site\/pl\/wp-json\/wp\/v2\/media?parent=197"}],"curies":[{"name":"wp","href":"https:\/\/api.w.org\/{rel}","templated":true}]}}