{"id":1086,"date":"2024-04-09T08:40:27","date_gmt":"2024-04-09T08:40:27","guid":{"rendered":"https:\/\/mayfin.erasmus.site\/?page_id=1086"},"modified":"2026-03-21T14:44:42","modified_gmt":"2026-03-21T14:44:42","slug":"partnership","status":"publish","type":"page","link":"https:\/\/mayfin.erasmus.site\/pl\/partnership\/","title":{"rendered":"Partnerstwo"},"content":{"rendered":"<p><\/p>\n<h2><img fetchpriority=\"high\" decoding=\"async\" class=\"size-full wp-image-1088 aligncenter\" src=\"https:\/\/mayfin.erasmus.site\/wp-content\/uploads\/2024\/04\/cwep.webp\" alt=\"\" width=\"300\" height=\"300\" srcset=\"https:\/\/mayfin.erasmus.site\/wp-content\/uploads\/2024\/04\/cwep.webp 300w, https:\/\/mayfin.erasmus.site\/wp-content\/uploads\/2024\/04\/cwep-150x150.webp 150w, https:\/\/mayfin.erasmus.site\/wp-content\/uploads\/2024\/04\/cwep-24x24.webp 24w, https:\/\/mayfin.erasmus.site\/wp-content\/uploads\/2024\/04\/cwep-36x36.webp 36w, https:\/\/mayfin.erasmus.site\/wp-content\/uploads\/2024\/04\/cwep-48x48.webp 48w\" sizes=\"(max-width: 300px) 100vw, 300px\" \/><\/h2>\n<h3 style=\"text-align: center;\"><strong>Centrum Wspierania Edukacji i Przedsi\u0119biorczo\u015bci &#8211; Polska &#8211; Koordynator projektu<br \/>\n<\/strong><\/h3>\n<p>Centrum Wspierania Edukacji\u00a0 i Przedsi\u0119biorczo\u015bci (CWEP) jest organizacj\u0105 pozarz\u0105dow\u0105 za\u0142o\u017con\u0105\u00a0 w 2004 roku przez grup\u0119 przedsi\u0119biorc\u00f3w, nauczycieli i dzia\u0142aczy spo\u0142ecznych z Rzeszowa. CWEP wsp\u00f3\u0142pracuje z firmami i instytucjami edukacyjnymi. Misj\u0105 organizacji jest podnoszenie jako\u015bci kszta\u0142cenia szkoleniowego na wszystkich poziomach i we wszystkich formach oraz promocja przedsi\u0119biorczo\u015bci w celu sprzyjania integracji ka\u017cdej grupy spo\u0142ecznej, niezale\u017cnie od p\u0142ci, wieku czy pochodzenia etnicznego.\u00a0 CWEP d\u0105\u017cy do poprawy dost\u0119pno\u015bci, jako\u015bci i efektywno\u015bci edukacji wszystkich ludzi, promowanie i przyczynianie si\u0119 do kszta\u0142cenia doros\u0142ych, uczenia si\u0119 przez ca\u0142e \u017cycie, e-learningu oraz wykorzystania nowych technologii w edukacji\u00a0 i przedsi\u0119biorczo\u015bci. Stowarzyszenie wsp\u00f3\u0142pracuje z wieloma partnerami z Europy w celu wzmocnienia pozycji ekonomicznej przedsi\u0119biorstw oraz dostarcza platformy internetowe dla firm.<\/p>\n<p>Strona internetowa:<\/p>\n<p><a href=\"https:\/\/cwep.eu\/\">https:\/\/cwep.eu\/<\/a><\/p>\n<p>Media spo\u0142eczno\u015bciowe:<\/p>\n<p><a href=\"https:\/\/www.facebook.com\/CWEP.EU\">https:\/\/www.facebook.com\/CWEP.EU<\/a><\/p>\n<p><a href=\"https:\/\/www.linkedin.com\/company\/cwep\/\">https:\/\/www.linkedin.com\/company\/cwep\/<\/a><\/p>\n<hr \/>\n<h2><img decoding=\"async\" class=\"wp-image-1089 size-full aligncenter\" src=\"https:\/\/mayfin.erasmus.site\/wp-content\/uploads\/2024\/04\/coso.webp\" alt=\"\" width=\"300\" height=\"300\" srcset=\"https:\/\/mayfin.erasmus.site\/wp-content\/uploads\/2024\/04\/coso.webp 300w, https:\/\/mayfin.erasmus.site\/wp-content\/uploads\/2024\/04\/coso-150x150.webp 150w, https:\/\/mayfin.erasmus.site\/wp-content\/uploads\/2024\/04\/coso-24x24.webp 24w, https:\/\/mayfin.erasmus.site\/wp-content\/uploads\/2024\/04\/coso-36x36.webp 36w, https:\/\/mayfin.erasmus.site\/wp-content\/uploads\/2024\/04\/coso-48x48.webp 48w\" sizes=\"(max-width: 300px) 100vw, 300px\" \/><\/h2>\n<h3 style=\"text-align: center;\">Co&amp;So \u2013 <strong>W\u0142ochy<\/strong><\/h3>\n<p>Co&amp;So to konsorcjum z siedzib\u0105 we Florencji, obejmuj\u0105ce 14 sp\u00f3\u0142dzielni dzia\u0142aj\u0105cych w zakresie edukacji, spraw spo\u0142ecznych i kultury. Co&amp;So zatrudnia 33 pracownik\u00f3w, \u015bwiadcz\u0105cych us\u0142ugi zrzeszonym cz\u0142onkom. Do najwa\u017cniejszych us\u0142ug nale\u017c\u0105: administracja, monitorowanie zam\u00f3wie\u0144 publicznych, promowanie innowacji w zakresie poprawy kompetencji pracownik\u00f3w<br \/>\ni oferowanych us\u0142ug, certyfikacja jako\u015bci oraz komunikacja. \u0141\u0105cznie<br \/>\nw zrzeszonych sp\u00f3\u0142dzielniach pracuje prawie 5000 specjalist\u00f3w. W Co&amp;So znajduje si\u0119 dzia\u0142 zajmuj\u0105cy si\u0119 wy\u0142\u0105cznie funduszami europejskimi, zatrudniaj\u0105cy wykwalifikowanych pracownik\u00f3w z ponad 15-letnim do\u015bwiadczeniem.<\/p>\n<p>Dziewi\u0119\u0107 sp\u00f3\u0142dzielni Co&amp;So wsp\u00f3\u0142pracuje bezpo\u015brednio z grup\u0105 docelow\u0105 projektu oraz zarz\u0105dza us\u0142ugami edukacyjnymi i projektami dla m\u0142odych ludzi znajduj\u0105cych si\u0119<br \/>\nw niekorzystnej sytuacji. Sp\u00f3\u0142dzielnie te s\u0105 zlokalizowane w rejonie Florencji, Lukki, Pistoi, Pizy, Grosseto, Prato<br \/>\ni Arezzo. Oferuj\u0105 oko\u0142o 209 us\u0142ug, niekt\u00f3re w imieniu w\u0142adz publicznych, inne prywatnie. W sektorze tym pracuje oko\u0142o 1160 wykwalifikowanych pracownik\u00f3w, a liczba beneficjent\u00f3w wynosi 13\u00a0000.<\/p>\n<p>Strona internetowa:<\/p>\n<p><a href=\"https:\/\/coeso.org\/\">https:\/\/coeso.org\/<\/a><\/p>\n<p>Media spo\u0142eczno\u015bciowe:<\/p>\n<p><a href=\"https:\/\/www.facebook.com\/consorziocoeso\">https:\/\/www.facebook.com\/consorziocoeso<\/a><\/p>\n<p><a href=\"http:\/\/www.youtube.com\/@consorzio_coeso\">http:\/\/www.youtube.com\/@consorzio_coeso<\/a><\/p>\n<p><a href=\"https:\/\/www.linkedin.com\/company\/consorzio-coeso\/\">https:\/\/www.linkedin.com\/company\/consorzio-coeso\/<\/a><\/p>\n<p><a href=\"https:\/\/www.instagram.com\/consorziocoeso\/\">https:\/\/www.instagram.com\/consorziocoeso\/<\/a><\/p>\n<hr \/>\n<h2><img decoding=\"async\" class=\"wp-image-1090 size-full aligncenter\" src=\"https:\/\/mayfin.erasmus.site\/wp-content\/uploads\/2024\/04\/ed.webp\" alt=\"\" width=\"300\" height=\"300\" srcset=\"https:\/\/mayfin.erasmus.site\/wp-content\/uploads\/2024\/04\/ed.webp 300w, https:\/\/mayfin.erasmus.site\/wp-content\/uploads\/2024\/04\/ed-150x150.webp 150w, https:\/\/mayfin.erasmus.site\/wp-content\/uploads\/2024\/04\/ed-24x24.webp 24w, https:\/\/mayfin.erasmus.site\/wp-content\/uploads\/2024\/04\/ed-36x36.webp 36w, https:\/\/mayfin.erasmus.site\/wp-content\/uploads\/2024\/04\/ed-48x48.webp 48w\" sizes=\"(max-width: 300px) 100vw, 300px\" \/><\/h2>\n<h3 style=\"text-align: center;\">E&amp;D Knowledge Consulting Lda. &#8211; <strong>Portugalia<\/strong><\/h3>\n<p>E&amp;D Knowledge Consulting jest firm\u0105 konsultingow\u0105 i szkoleniow\u0105 specjalizuj\u0105c\u0105 si\u0119 we wspieraniu rozwoju kompetencji potrzebnych do wdra\u017cania innowacji w sektorze biznesowym, publicznym i spo\u0142ecznym. G\u0142\u00f3wne dzia\u0142ania E&amp;D koncentruj\u0105 si\u0119 na dostarczaniu mened\u017cerom i przedsi\u0119biorcom kompetencji, wiedzy\u00a0 i narz\u0119dzi potrzebnych do skutecznej realizacji strategii innowacji w ich organizacjach, a tak\u017ce do wspierania r\u00f3\u017cnych inicjatyw w ich otoczeniu.<\/p>\n<p>E&amp;D specjalizuje si\u0119 we wdra\u017caniu\u00a0 innowacyjnych dzia\u0142a\u0144 organizacji &#8211; od audyt\u00f3w innowacyjno\u015bci, poprzez wsparcie w definiowaniu i realizowaniu strategii innowacji, a\u017c po opracowywanie proces\u00f3w i mechanizm\u00f3w innowacji dostosowanych do indywidualnych potrzeb organizacji. Szczeg\u00f3lny nacisk k\u0142adziony jest na dostarczaniu niezb\u0119dnych umiej\u0119tno\u015bci i kompetencji potrzebnych do skutecznego wprowadzania innowacji zar\u00f3wno w\u015br\u00f3d lider\u00f3w, mened\u017cer\u00f3w, jak i pracownik\u00f3w. Produkty E&amp;D s\u0105 indywidualnie ustalane w oparciu\u00a0 o specyfik\u0119 potrzeb ka\u017cdej organizacji.<\/p>\n<p>Strona internetowa:<\/p>\n<p><a href=\"https:\/\/ed-knowledgeconsulting.com\/\">https:\/\/ed-knowledgeconsulting.com<\/a><\/p>\n<p>Media spo\u0142eczno\u015bciowe:<\/p>\n<p><a href=\"https:\/\/www.facebook.com\/EDKnowledgeConsulting\">https:\/\/www.facebook.com\/EDKnowledgeConsulting<\/a><\/p>\n<p><a href=\"https:\/\/www.linkedin.com\/company\/e&amp;d-knowledge-consulting\/\">https:\/\/www.linkedin.com\/company\/e&amp;d-knowledge-consulting\/<\/a><\/p>\n<p>&nbsp;<\/p>\n<hr \/>\n<h2><img loading=\"lazy\" decoding=\"async\" class=\"wp-image-1091 size-full aligncenter\" src=\"https:\/\/mayfin.erasmus.site\/wp-content\/uploads\/2024\/04\/lovila.webp\" alt=\"\" width=\"300\" height=\"300\" srcset=\"https:\/\/mayfin.erasmus.site\/wp-content\/uploads\/2024\/04\/lovila.webp 300w, https:\/\/mayfin.erasmus.site\/wp-content\/uploads\/2024\/04\/lovila-150x150.webp 150w, https:\/\/mayfin.erasmus.site\/wp-content\/uploads\/2024\/04\/lovila-24x24.webp 24w, https:\/\/mayfin.erasmus.site\/wp-content\/uploads\/2024\/04\/lovila-36x36.webp 36w, https:\/\/mayfin.erasmus.site\/wp-content\/uploads\/2024\/04\/lovila-48x48.webp 48w\" sizes=\"(max-width: 300px) 100vw, 300px\" \/><\/h2>\n<h3 style=\"text-align: center;\">Lovila &#8211; <strong>Cypr<\/strong><\/h3>\n<p>Lovila to cypryjska instytucja doradczo-szkoleniowa za\u0142o\u017cona w celu wspierania rozwoju zawodowego i osobistego os\u00f3b, firm i nowo powsta\u0142ych przedsi\u0119biorstw, koncentruj\u0105ca si\u0119 na promowaniu integracji spo\u0142ecznej, zmian \u015brodowiskowych, cyfryzacji\u00a0 i innowacji na r\u00f3\u017cnych poziomach i w r\u00f3\u017cnych kontekstach. Lovila zapewnia wsparcie szkoleniowe na wysokim poziomie dla m\u0142odych ludzi i doros\u0142ych potrzebuj\u0105cych integracji zawodowej, rozwoju podstawowych umiej\u0119tno\u015bci i kwalifikacji, umiej\u0119tno\u015bci cyfrowych i przedsi\u0119biorczych, integracji i reintegracji na rynku pracy, motywacji, doradztwa zawodowego i poradnictwa.<\/p>\n<p>Lovila ma na celu identyfikacj\u0119 kluczowych czynnik\u00f3w\u00a0 wp\u0142ywaj\u0105cych na edukacj\u0119 w zakresie zr\u00f3wnowa\u017conego rozwoju, ocen\u0119 istniej\u0105cych podej\u015b\u0107 oraz opracowanie skutecznych materia\u0142\u00f3w i program\u00f3w edukacyjnych w celu promowania zmiany zachowa\u0144 w kierunku zr\u00f3wnowa\u017conych praktyk. Poprzez swoje dzia\u0142ania Lovila d\u0105\u017cy do przekszta\u0142cenia lokalnego, regionalnego i krajowego kontekstu w celu osi\u0105gni\u0119cia zr\u00f3wnowa\u017conego rozwoju sprzyjaj\u0105cego inkluzji spo\u0142ecznej.<\/p>\n<p>Strona internetowa:<\/p>\n<p><a href=\"https:\/\/lovila.eu\/\">https:\/\/lovila.eu\/#<\/a><\/p>\n<p>Media spo\u0142eczno\u015bciowe:<\/p>\n<p><a href=\"https:\/\/www.facebook.com\/lovila.cyprus\">https:\/\/www.facebook.com\/lovila.cyprus<\/a><\/p>\n<p><a href=\"https:\/\/www.linkedin.com\/company\/86194853\/admin\/feed\/posts\/\">https:\/\/www.linkedin.com\/company\/86194853\/admin\/feed\/posts\/<\/a><\/p>\n<hr \/>\n<h2><img loading=\"lazy\" decoding=\"async\" class=\"wp-image-1092 size-full aligncenter\" src=\"https:\/\/mayfin.erasmus.site\/wp-content\/uploads\/2024\/04\/meus.webp\" alt=\"\" width=\"300\" height=\"300\" srcset=\"https:\/\/mayfin.erasmus.site\/wp-content\/uploads\/2024\/04\/meus.webp 300w, https:\/\/mayfin.erasmus.site\/wp-content\/uploads\/2024\/04\/meus-150x150.webp 150w, https:\/\/mayfin.erasmus.site\/wp-content\/uploads\/2024\/04\/meus-24x24.webp 24w, https:\/\/mayfin.erasmus.site\/wp-content\/uploads\/2024\/04\/meus-36x36.webp 36w, https:\/\/mayfin.erasmus.site\/wp-content\/uploads\/2024\/04\/meus-48x48.webp 48w\" sizes=\"(max-width: 300px) 100vw, 300px\" \/><\/h2>\n<h3 style=\"text-align: center;\">Markeut Skills Sociedad Limitada &#8211; <strong>Hiszpania<\/strong><\/h3>\n<p>MEUS jest prywatn\u0105 organizacj\u0105 z siedzib\u0105 w Walencji w Hiszpanii, kt\u00f3rej celem jest poprawa kompetencji ludzi , zar\u00f3wno w sferze zawodowej, jak\u00a0 i prywatnej, a tak\u017ce na wszystkich etapach ich \u017cycia, pocz\u0105wszy od szko\u0142y, a ko\u0144cz\u0105c na edukacji os\u00f3b doros\u0142ych.<\/p>\n<p>Zgodnie z europejsk\u0105 strategi\u0105 edukacyjn\u0105, MEUS zajmuje si\u0119 opracowywaniem nowych materia\u0142\u00f3w szkoleniowych i metodologii dostosowanych do r\u00f3\u017cnych cel\u00f3w\u00a0 i potrzeb rynku gospodarczego, maj\u0105cych na celu popraw\u0119 integracji w miejscu pracy.<\/p>\n<p>MEUS jest ekspertem w dziedzinie nowoczesnych metoda kszta\u0142cenia, opartych na metodach partycypacyjnych i wsp\u00f3\u0142pracy. Dzia\u0142alno\u015b\u0107 szkoleniowa MEUS obejmuje szkolenia oparte na do\u015bwiadczeniu i nauce przez praktyk\u0119 w przyjemny i anga\u017cuj\u0105cy spos\u00f3b. MEUS w du\u017cej mierze wykorzystuje grywalizacj\u0119, opracowuj\u0105c wyzwania, kt\u00f3re uczestnicy musz\u0105 podj\u0105\u0107 indywidualnie lub zespo\u0142owo.<\/p>\n<p>MEUS zach\u0119ca do tworzenia i rozwijania firm, oferuj\u0105c doradztwo i szkolenia dla przedsi\u0119biorc\u00f3w, kreatywne innowacje, innowacje spo\u0142eczne, innowacje technologiczne, wdra\u017canie nowych projekt\u00f3w biznesowych, tworzenie zr\u00f3wnowa\u017conych firm i rozw\u00f3j terytorialny.<\/p>\n<p>Drugim g\u0142\u00f3wnym celem jest zr\u00f3wnowa\u017cony rozw\u00f3j, kt\u00f3ry uwzgl\u0119dnia kwestie \u015brodowiskowe, a tak\u017ce zr\u00f3wnowa\u017cony rozw\u00f3j lokalny jako kluczowy element misji, promuj\u0105c zmian\u0119 zachowania w\u015br\u00f3d spo\u0142ecze\u0144stwa w celu dostosowania si\u0119 do aktualnych potrzeb (zr\u00f3wnowa\u017cona konsumpcja, optymalizacja odpad\u00f3w itp.).<\/p>\n<p>MEUS opracowuje i rozwija zr\u00f3wnowa\u017cone modele biznesowe, d\u0105\u017c\u0105c do wdro\u017cenia najlepszych praktyk CSR. MEUS silnie wspiera nowe\u00a0 i rozwijaj\u0105ce si\u0119 sektory gospodarki\u00a0 i zwraca uwag\u0119 na zmiany spo\u0142eczne, dlatego szczeg\u00f3lnie anga\u017cuje si\u0119 w takie kwestie, jak zielona gospodarka (i zielone umiej\u0119tno\u015bci), pomara\u0144czowa gospodarka (kultura), ICT, adaptacja do starzej\u0105cego si\u0119 spo\u0142ecze\u0144stwa i nowe cechy demograficzne generuj\u0105ce wi\u0119kszy popyt na us\u0142ugi osobiste itp.<\/p>\n<p>Ka\u017cdy z projekt\u00f3w opracowanych w MEUS jest realizowany zgodnie z za\u0142o\u017ceniem innowacyjno\u015bci, szeroko rozumianej poza innowacjami technologicznymi, w oparciu o rozw\u00f3j nowych innowacyjnych metodologii kszta\u0142cenia, zarz\u0105dzania, rozwoju osobistego lub rozwoju lokalnego.<\/p>\n<p>Strona internetowa:<\/p>\n<p><a href=\"https:\/\/meuskills.eu\">https:\/\/meuskills.eu<\/a><\/p>\n<p>Media spo\u0142eczno\u015bciowe:<\/p>\n<p><a href=\"https:\/\/www.facebook.com\/search\/top?q=markeut%20skills%20sl\">https:\/\/www.facebook.com\/search\/top?q=markeut%20skills%20sl<\/a><\/p>\n<p><a href=\"https:\/\/www.linkedin.com\/company\/meuskills\">https:\/\/www.linkedin.com\/company\/meuskills<\/a><\/p>\n<hr \/>\n<h2><img loading=\"lazy\" decoding=\"async\" class=\"wp-image-1093 size-full aligncenter\" src=\"https:\/\/mayfin.erasmus.site\/wp-content\/uploads\/2024\/04\/scoutsociety.webp\" alt=\"\" width=\"300\" height=\"300\" srcset=\"https:\/\/mayfin.erasmus.site\/wp-content\/uploads\/2024\/04\/scoutsociety.webp 300w, https:\/\/mayfin.erasmus.site\/wp-content\/uploads\/2024\/04\/scoutsociety-150x150.webp 150w, https:\/\/mayfin.erasmus.site\/wp-content\/uploads\/2024\/04\/scoutsociety-24x24.webp 24w, https:\/\/mayfin.erasmus.site\/wp-content\/uploads\/2024\/04\/scoutsociety-36x36.webp 36w, https:\/\/mayfin.erasmus.site\/wp-content\/uploads\/2024\/04\/scoutsociety-48x48.webp 48w\" sizes=\"(max-width: 300px) 100vw, 300px\" \/><\/h2>\n<h3 style=\"text-align: center;\">Scout Society \u2013 <strong>Rumunia<\/strong><\/h3>\n<p>Organizacja Scout Society zosta\u0142a za\u0142o\u017cona w 2011 roku. Jej celem jest promowanie wolontariatu i wspieranie rozwoju spo\u0142eczno\u015bci lokalnej, zw\u0142aszcza w procesie edukacji m\u0142odzie\u017cy poprzez dzia\u0142ania z zakresu edukacji pozaformalnej.<\/p>\n<p>Z pragnienia niesienia pomocy m\u0142odym ludziom w rozwoju zar\u00f3wno osobistym, jak i zawodowym, ale tak\u017ce anga\u017cowania ich w spo\u0142ecze\u0144stwo i spo\u0142eczno\u015bci lokalne, z kt\u00f3rych wywodz\u0105 si\u0119, organizacja zacz\u0119\u0142a rozwija\u0107 swoj\u0105 dzia\u0142alno\u015b\u0107, realizuj\u0105c projekty o r\u00f3\u017cnej tematyce (np. sport, zdrowie, wielokulturowo\u015b\u0107, tolerancja, dyskryminacja, zwi\u0119kszanie szans na zatrudnienie, orientacja zawodowa). W swojej dzia\u0142alno\u015bci Scout Society zachowuje od momentu powstania ten sam cel &#8211; pomaganie m\u0142odym ludziom w ich rozwoju\u00a0 i kszta\u0142towaniu si\u0119 jako jednostek zaanga\u017cowanych w spo\u0142ecze\u0144stwo, kt\u00f3re zachowuj\u0105 i dziel\u0105 si\u0119 z innymi warto\u015bciami europejskimi (jedno\u015b\u0107, komunikacja, tolerancja, solidarno\u015b\u0107, szacunek, r\u00f3wno\u015b\u0107, komunikacja, pluralizm, pok\u00f3j, demokracja, wolno\u015b\u0107).<\/p>\n<p>W ostatnich latach organizacja nawi\u0105za\u0142a znacz\u0105c\u0105 wsp\u00f3\u0142prac\u0119 mi\u0119dzynarodow\u0105 (obecnie wsp\u00f3\u0142pracuje z firmami\u00a0 z Chorwacji, Czech, Hiszpanii, S\u0142owenii, Bu\u0142garii, W\u0119gier, Polski, Turcji i Litwy) oraz zrealizowa\u0142a znaczn\u0105 liczb\u0119 projekt\u00f3w i dzia\u0142a\u0144 wolontariackich, wymian m\u0142odzie\u017cowych i partnerstw strategicznych, w kt\u00f3re zaanga\u017cowanych by\u0142o ponad 2000 m\u0142odych ludzi z r\u00f3\u017cnych spo\u0142eczno\u015bci w Rumunii.<\/p>\n<p>Strona internetowa:<\/p>\n<p><a href=\"https:\/\/scoutsociety.ro\/\">https:\/\/scoutsociety.ro\/<\/a><\/p>\n<p>Media spo\u0142eczno\u015bciowe:<\/p>\n<p><a href=\"https:\/\/www.facebook.com\/ScoutSociety\">https:\/\/www.facebook.com\/ScoutSociety<\/a><\/p>\n<p><a href=\"https:\/\/www.instagram.com\/scout_society\/\">https:\/\/www.instagram.com\/scout_society\/<\/a><\/p>\n<p><a href=\"https:\/\/ro.linkedin.com\/company\/scoutsociety\">https:\/\/ro.linkedin.com\/company\/scoutsociety<\/a><\/p>","protected":false},"excerpt":{"rendered":"<p>Centrum Wspierania Edukacji i Przedsi\u0119biorczo\u015bci &#8211; Polska &#8211; Koordynator projektu Centrum Wspierania Edukacji\u00a0 i Przedsi\u0119biorczo\u015bci (CWEP) jest organizacj\u0105 pozarz\u0105dow\u0105 za\u0142o\u017con\u0105\u00a0 w 2004 roku przez grup\u0119 przedsi\u0119biorc\u00f3w, nauczycieli i dzia\u0142aczy spo\u0142ecznych z Rzeszowa. CWEP wsp\u00f3\u0142pracuje z firmami i instytucjami edukacyjnymi. Misj\u0105 organizacji jest podnoszenie jako\u015bci kszta\u0142cenia szkoleniowego na wszystkich poziomach i we wszystkich formach oraz promocja&hellip;&nbsp;<a href=\"https:\/\/mayfin.erasmus.site\/pl\/partnership\/\" rel=\"bookmark\">Dowiedz si\u0119 wi\u0119cej &raquo;<span class=\"screen-reader-text\">Partnerstwo<\/span><\/a><\/p>\n","protected":false},"author":1,"featured_media":60,"parent":0,"menu_order":0,"comment_status":"closed","ping_status":"closed","template":"","meta":{"neve_meta_sidebar":"","neve_meta_container":"","neve_meta_enable_content_width":"off","neve_meta_content_width":100,"neve_meta_title_alignment":"","neve_meta_author_avatar":"","neve_post_elements_order":"","neve_meta_disable_header":"","neve_meta_disable_footer":"","neve_meta_disable_title":"","footnotes":""},"class_list":["post-1086","page","type-page","status-publish","has-post-thumbnail","hentry"],"_links":{"self":[{"href":"https:\/\/mayfin.erasmus.site\/pl\/wp-json\/wp\/v2\/pages\/1086","targetHints":{"allow":["GET"]}}],"collection":[{"href":"https:\/\/mayfin.erasmus.site\/pl\/wp-json\/wp\/v2\/pages"}],"about":[{"href":"https:\/\/mayfin.erasmus.site\/pl\/wp-json\/wp\/v2\/types\/page"}],"author":[{"embeddable":true,"href":"https:\/\/mayfin.erasmus.site\/pl\/wp-json\/wp\/v2\/users\/1"}],"replies":[{"embeddable":true,"href":"https:\/\/mayfin.erasmus.site\/pl\/wp-json\/wp\/v2\/comments?post=1086"}],"version-history":[{"count":9,"href":"https:\/\/mayfin.erasmus.site\/pl\/wp-json\/wp\/v2\/pages\/1086\/revisions"}],"predecessor-version":[{"id":1573,"href":"https:\/\/mayfin.erasmus.site\/pl\/wp-json\/wp\/v2\/pages\/1086\/revisions\/1573"}],"wp:featuredmedia":[{"embeddable":true,"href":"https:\/\/mayfin.erasmus.site\/pl\/wp-json\/wp\/v2\/media\/60"}],"wp:attachment":[{"href":"https:\/\/mayfin.erasmus.site\/pl\/wp-json\/wp\/v2\/media?parent=1086"}],"curies":[{"name":"wp","href":"https:\/\/api.w.org\/{rel}","templated":true}]}}