{"id":222,"date":"2024-02-16T12:35:59","date_gmt":"2024-02-16T12:35:59","guid":{"rendered":"https:\/\/mayfin.erasmus.site\/?page_id=222"},"modified":"2025-11-24T19:47:38","modified_gmt":"2025-11-24T19:47:38","slug":"project-results","status":"publish","type":"page","link":"https:\/\/mayfin.erasmus.site\/it\/project-results\/","title":{"rendered":"Risultati del progetto"},"content":{"rendered":"\t\t<div data-elementor-type=\"wp-page\" data-elementor-id=\"222\" class=\"elementor elementor-222\">\n\t\t\t\t<div class=\"elementor-element elementor-element-3a156c9 e-flex e-con-boxed e-con e-parent\" data-id=\"3a156c9\" data-element_type=\"container\" data-e-type=\"container\">\n\t\t\t\t\t<div class=\"e-con-inner\">\n\t\t<div class=\"elementor-element elementor-element-3f956d8 e-con-full e-flex e-con e-child\" data-id=\"3f956d8\" data-element_type=\"container\" data-e-type=\"container\">\n\t\t\t\t<div class=\"elementor-element elementor-element-b3f76f1 elementor-widget elementor-widget-heading\" data-id=\"b3f76f1\" data-element_type=\"widget\" data-e-type=\"widget\" data-widget_type=\"heading.default\">\n\t\t\t\t<div class=\"elementor-widget-container\">\n\t\t\t\t\t<h2 class=\"elementor-heading-title elementor-size-default\">Ricerca iniziale sullo stato dello sviluppo delle competenze finanziarie e sugli eventi di impatto significativi<\/h2>\t\t\t\t<\/div>\n\t\t\t\t<\/div>\n\t\t\t\t<div class=\"elementor-element elementor-element-21d45bf elementor-widget elementor-widget-spacer\" data-id=\"21d45bf\" data-element_type=\"widget\" data-e-type=\"widget\" data-widget_type=\"spacer.default\">\n\t\t\t\t<div class=\"elementor-widget-container\">\n\t\t\t\t\t\t\t<div class=\"elementor-spacer\">\n\t\t\t<div class=\"elementor-spacer-inner\"><\/div>\n\t\t<\/div>\n\t\t\t\t\t\t<\/div>\n\t\t\t\t<\/div>\n\t\t\t\t<div class=\"elementor-element elementor-element-47a063b elementor-widget elementor-widget-text-editor\" data-id=\"47a063b\" data-element_type=\"widget\" data-e-type=\"widget\" data-widget_type=\"text-editor.default\">\n\t\t\t\t<div class=\"elementor-widget-container\">\n\t\t\t\t\t\t\t\t\t<p>Apprendimento tra i partner in termini di eventi storici e culturali che influenzano i livelli di sviluppo delle competenze dei diversi paesi europei. La ricerca iniziale consente al partenariato di comprendere non solo come gli eventi inaspettati abbiano diversi livelli di impatto tra i giovani dei vari paesi, adattando gli scenari online e i contenuti di apprendimento, ma anche di aiutare le giovani generazioni a comprendere le diverse culture europee e a promuovere, quindi, un&#8217;identit\u00e0 pi\u00f9 forte.<\/p><p>MAYFIN approfondir\u00e0 lo stato dello sviluppo delle competenze e degli eventi di impatto nazionale sullo stato dell&#8217;alfabetizzazione finanziaria, compilando 6 rapporti nazionali sviluppati da ciascun partner e includendo una serie di raccomandazioni e lezioni che combinano 5 competenze associate alle competenze di alfabetizzazione finanziaria: alfabetizzazione finanziaria e pianificazione, pensiero critico, capacit\u00e0 decisionale, problem solving e pensiero riflessivo. Il rapporto \u00e8 disponibile in ciascuna delle lingue nazionali del partenariato e in inglese.<\/p>\t\t\t\t\t\t\t\t<\/div>\n\t\t\t\t<\/div>\n\t\t\t\t<div class=\"elementor-element elementor-element-daa8147 elementor-align-center elementor-widget elementor-widget-button\" data-id=\"daa8147\" data-element_type=\"widget\" data-e-type=\"widget\" data-widget_type=\"button.default\">\n\t\t\t\t<div class=\"elementor-widget-container\">\n\t\t\t\t\t\t\t\t\t<div class=\"elementor-button-wrapper\">\n\t\t\t\t\t<a class=\"elementor-button elementor-button-link elementor-size-sm\" href=\"https:\/\/mayfin.erasmus.site\/wp-content\/uploads\/2024\/07\/MAYFIN_WP3_FINAL-REPORT_IT.pdf\">\n\t\t\t\t\t\t<span class=\"elementor-button-content-wrapper\">\n\t\t\t\t\t\t\t\t\t<span class=\"elementor-button-text\">DOWNLOAD<\/span>\n\t\t\t\t\t<\/span>\n\t\t\t\t\t<\/a>\n\t\t\t\t<\/div>\n\t\t\t\t\t\t\t\t<\/div>\n\t\t\t\t<\/div>\n\t\t\t\t<\/div>\n\t\t<div class=\"elementor-element elementor-element-2b556a5 e-con-full e-flex e-con e-child\" data-id=\"2b556a5\" data-element_type=\"container\" data-e-type=\"container\">\n\t\t\t\t<div class=\"elementor-element elementor-element-5a9dd8d elementor-widget elementor-widget-heading\" data-id=\"5a9dd8d\" data-element_type=\"widget\" data-e-type=\"widget\" data-widget_type=\"heading.default\">\n\t\t\t\t<div class=\"elementor-widget-container\">\n\t\t\t\t\t<h2 class=\"elementor-heading-title elementor-size-default\">Gioco online<\/h2>\t\t\t\t<\/div>\n\t\t\t\t<\/div>\n\t\t\t\t<div class=\"elementor-element elementor-element-d2e31ac elementor-widget elementor-widget-spacer\" data-id=\"d2e31ac\" data-element_type=\"widget\" data-e-type=\"widget\" data-widget_type=\"spacer.default\">\n\t\t\t\t<div class=\"elementor-widget-container\">\n\t\t\t\t\t\t\t<div class=\"elementor-spacer\">\n\t\t\t<div class=\"elementor-spacer-inner\"><\/div>\n\t\t<\/div>\n\t\t\t\t\t\t<\/div>\n\t\t\t\t<\/div>\n\t\t\t\t<div class=\"elementor-element elementor-element-72cca17 elementor-widget elementor-widget-text-editor\" data-id=\"72cca17\" data-element_type=\"widget\" data-e-type=\"widget\" data-widget_type=\"text-editor.default\">\n\t\t\t\t<div class=\"elementor-widget-container\">\n\t\t\t\t\t\t\t\t\t<p>Il gioco online supporta lo sviluppo delle competenze con 25 diversi scenari e una trama che include una combinazione delle competenze finanziarie basate su eventi europei identificati come significativi a livello storico sullo sviluppo delle competenze e sulla mentalit\u00e0 dei giovani. Il gioco di apprendimento online offre diversi scenari di contenuti di natura finanziaria adattati ai giovani che consentono loro di apprendere in modo efficiente i contenuti finanziari e le attitudini decisionali mentre praticano attivit\u00e0 pertinenti. Fornisce agli utenti contenuti avanzati adattati ai giovani basati su uno schema di scenari progettati su contenuti finanziari specifici. Contiene informazioni rilevanti, attivit\u00e0 decisionali ed esercizi pratici che consentono allo studente di applicare le conoscenze alle sue situazioni concrete di vita reale. Ci si aspetta un miglioramento delle capacit\u00e0 di tutti i beneficiari per assicurare un pronto inizio nel loro percorso finanziario. L\u2019uso della <em>gamification<\/em> \u00e8 ampiamente discusso come uno degli approcci di apprendimento pi\u00f9 coinvolgenti. Il gioco online \u00e8 disponibile in ciascuna delle lingue nazionali del partenariato e in inglese.<\/p>\t\t\t\t\t\t\t\t<\/div>\n\t\t\t\t<\/div>\n\t\t\t\t<div class=\"elementor-element elementor-element-f620235 elementor-align-center elementor-widget elementor-widget-button\" data-id=\"f620235\" data-element_type=\"widget\" data-e-type=\"widget\" data-widget_type=\"button.default\">\n\t\t\t\t<div class=\"elementor-widget-container\">\n\t\t\t\t\t\t\t\t\t<div class=\"elementor-button-wrapper\">\n\t\t\t\t\t<a class=\"elementor-button elementor-button-link elementor-size-sm\" href=\"\/game\/\" target=\"_blank\">\n\t\t\t\t\t\t<span class=\"elementor-button-content-wrapper\">\n\t\t\t\t\t\t<span class=\"elementor-button-icon\">\n\t\t\t\t<svg aria-hidden=\"true\" class=\"e-font-icon-svg e-fas-gamepad\" viewBox=\"0 0 640 512\" xmlns=\"http:\/\/www.w3.org\/2000\/svg\"><path d=\"M480.07 96H160a160 160 0 1 0 114.24 272h91.52A160 160 0 1 0 480.07 96zM248 268a12 12 0 0 1-12 12h-52v52a12 12 0 0 1-12 12h-24a12 12 0 0 1-12-12v-52H84a12 12 0 0 1-12-12v-24a12 12 0 0 1 12-12h52v-52a12 12 0 0 1 12-12h24a12 12 0 0 1 12 12v52h52a12 12 0 0 1 12 12zm216 76a40 40 0 1 1 40-40 40 40 0 0 1-40 40zm64-96a40 40 0 1 1 40-40 40 40 0 0 1-40 40z\"><\/path><\/svg>\t\t\t<\/span>\n\t\t\t\t\t\t\t\t\t<span class=\"elementor-button-text\">GIOCA<\/span>\n\t\t\t\t\t<\/span>\n\t\t\t\t\t<\/a>\n\t\t\t\t<\/div>\n\t\t\t\t\t\t\t\t<\/div>\n\t\t\t\t<\/div>\n\t\t\t\t<\/div>\n\t\t<div class=\"elementor-element elementor-element-9bc7211 e-con-full e-flex e-con e-child\" data-id=\"9bc7211\" data-element_type=\"container\" data-e-type=\"container\">\n\t\t\t\t<div class=\"elementor-element elementor-element-c205bd5 elementor-widget elementor-widget-heading\" data-id=\"c205bd5\" data-element_type=\"widget\" data-e-type=\"widget\" data-widget_type=\"heading.default\">\n\t\t\t\t<div class=\"elementor-widget-container\">\n\t\t\t\t\t<h2 class=\"elementor-heading-title elementor-size-default\">Guida metodologica per educatori\/organizzazioni a sostegno dei giovani<\/h2>\t\t\t\t<\/div>\n\t\t\t\t<\/div>\n\t\t\t\t<div class=\"elementor-element elementor-element-f790b30 elementor-widget elementor-widget-spacer\" data-id=\"f790b30\" data-element_type=\"widget\" data-e-type=\"widget\" data-widget_type=\"spacer.default\">\n\t\t\t\t<div class=\"elementor-widget-container\">\n\t\t\t\t\t\t\t<div class=\"elementor-spacer\">\n\t\t\t<div class=\"elementor-spacer-inner\"><\/div>\n\t\t<\/div>\n\t\t\t\t\t\t<\/div>\n\t\t\t\t<\/div>\n\t\t\t\t<div class=\"elementor-element elementor-element-0303778 elementor-widget elementor-widget-text-editor\" data-id=\"0303778\" data-element_type=\"widget\" data-e-type=\"widget\" data-widget_type=\"text-editor.default\">\n\t\t\t\t<div class=\"elementor-widget-container\">\n\t\t\t\t\t\t\t\t\t<p>Una guida metodologica garantisce che le attivit\u00e0 di insegnamento\/formazione si svolgano in conformit\u00e0 con gli obiettivi dell\u2019educazione finanziaria e delle competenze correlate, sostenendo al contempo il rafforzamento dell\u2019identit\u00e0 europea attraverso la comprensione reciproca degli eventi storici europei che hanno influenzato lo sviluppo e le competenze dei giovani.<\/p><p>\u00c8 stata sviluppata consentendo di fornire una guida all&#8217;implementazione per educatori\/organizzazioni che lavorano con i giovani tenendo conto dei diversi contesti nazionali e delle differenze culturali, coinvolgendo allo stesso tempo questo gruppo in un processo di apprendimento per sostenere lo sviluppo di un&#8217;identit\u00e0 europea. L&#8217;utilizzo di un coinvolgente gioco online permette la partecipazione dei giovani, favorendo lo sviluppo di competenze e conoscenze divertendosi. Allo stesso tempo, coinvolgendo un\u2019ampia rete di stakeholder collegati a ciascuna rete di partner (scuole, comuni, ONG che lavorano con gruppi di giovani svantaggiati), il partenariato crea un ciclo continuo di diffusione e acquisizione di input.<\/p><p>Questo risultato consente lo sviluppo di linee guida nei diversi contesti nazionali da parte di educatori\/organizzazioni che supportano i giovani, tenendo conto dei diversi quadri nazionali e contribuendo a definire linee guida adeguate per un corretto utilizzo in diversi contesti e, dall&#8217;altro, fornendo una guida comune dove gli educatori e le organizzazioni possono imparare dalla diversit\u00e0 dei contesti e identificare le opportunit\u00e0 per camminare verso un terreno comune di comprensione come organizzazioni europee. L\u2019insieme di attivit\u00e0 \u00e8 progettato per sfruttare la complementarit\u00e0 delle competenze del partenariato per creare contenuti innovativi ed affrontare un problema comune identificato non solo nei paesi del partenariato ma in tutta Europa.<\/p>\t\t\t\t\t\t\t\t<\/div>\n\t\t\t\t<\/div>\n\t\t\t\t<div class=\"elementor-element elementor-element-9254e06 elementor-align-center elementor-widget elementor-widget-button\" data-id=\"9254e06\" data-element_type=\"widget\" data-e-type=\"widget\" data-widget_type=\"button.default\">\n\t\t\t\t<div class=\"elementor-widget-container\">\n\t\t\t\t\t\t\t\t\t<div class=\"elementor-button-wrapper\">\n\t\t\t\t\t<a class=\"elementor-button elementor-button-link elementor-size-sm\" href=\"https:\/\/mayfin.erasmus.site\/methodological-guide\/\">\n\t\t\t\t\t\t<span class=\"elementor-button-content-wrapper\">\n\t\t\t\t\t\t\t\t\t<span class=\"elementor-button-text\">DOWNLOAD<\/span>\n\t\t\t\t\t<\/span>\n\t\t\t\t\t<\/a>\n\t\t\t\t<\/div>\n\t\t\t\t\t\t\t\t<\/div>\n\t\t\t\t<\/div>\n\t\t\t\t<\/div>\n\t\t\t\t\t<\/div>\n\t\t\t\t<\/div>\n\t\t<div class=\"elementor-element elementor-element-a9df211 e-flex e-con-boxed e-con e-parent\" data-id=\"a9df211\" data-element_type=\"container\" data-e-type=\"container\">\n\t\t\t\t\t<div class=\"e-con-inner\">\n\t\t\t\t<div class=\"elementor-element elementor-element-ac16a75 elementor-widget elementor-widget-spacer\" data-id=\"ac16a75\" data-element_type=\"widget\" data-e-type=\"widget\" data-widget_type=\"spacer.default\">\n\t\t\t\t<div class=\"elementor-widget-container\">\n\t\t\t\t\t\t\t<div class=\"elementor-spacer\">\n\t\t\t<div class=\"elementor-spacer-inner\"><\/div>\n\t\t<\/div>\n\t\t\t\t\t\t<\/div>\n\t\t\t\t<\/div>\n\t\t\t\t\t<\/div>\n\t\t\t\t<\/div>\n\t\t\t\t<\/div>\n\t\t","protected":false},"excerpt":{"rendered":"<p>Ricerca iniziale sullo stato dello sviluppo delle competenze finanziarie e sugli eventi di impatto significativi Apprendimento tra i partner in termini di eventi storici e culturali che influenzano i livelli di sviluppo delle competenze dei diversi paesi europei. La ricerca iniziale consente al partenariato di comprendere non solo come gli eventi inaspettati abbiano diversi livelli&hellip;&nbsp;<a href=\"https:\/\/mayfin.erasmus.site\/it\/project-results\/\" rel=\"bookmark\">Leggi tutto &raquo;<span class=\"screen-reader-text\">Risultati del progetto<\/span><\/a><\/p>\n","protected":false},"author":1,"featured_media":759,"parent":0,"menu_order":0,"comment_status":"closed","ping_status":"closed","template":"elementor_header_footer","meta":{"neve_meta_sidebar":"","neve_meta_container":"","neve_meta_enable_content_width":"off","neve_meta_content_width":100,"neve_meta_title_alignment":"","neve_meta_author_avatar":"","neve_post_elements_order":"","neve_meta_disable_header":"","neve_meta_disable_footer":"","neve_meta_disable_title":"","footnotes":""},"class_list":["post-222","page","type-page","status-publish","has-post-thumbnail","hentry"],"_links":{"self":[{"href":"https:\/\/mayfin.erasmus.site\/it\/wp-json\/wp\/v2\/pages\/222","targetHints":{"allow":["GET"]}}],"collection":[{"href":"https:\/\/mayfin.erasmus.site\/it\/wp-json\/wp\/v2\/pages"}],"about":[{"href":"https:\/\/mayfin.erasmus.site\/it\/wp-json\/wp\/v2\/types\/page"}],"author":[{"embeddable":true,"href":"https:\/\/mayfin.erasmus.site\/it\/wp-json\/wp\/v2\/users\/1"}],"replies":[{"embeddable":true,"href":"https:\/\/mayfin.erasmus.site\/it\/wp-json\/wp\/v2\/comments?post=222"}],"version-history":[{"count":183,"href":"https:\/\/mayfin.erasmus.site\/it\/wp-json\/wp\/v2\/pages\/222\/revisions"}],"predecessor-version":[{"id":1565,"href":"https:\/\/mayfin.erasmus.site\/it\/wp-json\/wp\/v2\/pages\/222\/revisions\/1565"}],"wp:featuredmedia":[{"embeddable":true,"href":"https:\/\/mayfin.erasmus.site\/it\/wp-json\/wp\/v2\/media\/759"}],"wp:attachment":[{"href":"https:\/\/mayfin.erasmus.site\/it\/wp-json\/wp\/v2\/media?parent=222"}],"curies":[{"name":"wp","href":"https:\/\/api.w.org\/{rel}","templated":true}]}}