{"id":199,"date":"2024-02-16T12:04:18","date_gmt":"2024-02-16T12:04:18","guid":{"rendered":"https:\/\/mayfin.erasmus.site\/?page_id=199"},"modified":"2024-04-09T09:37:33","modified_gmt":"2024-04-09T09:37:33","slug":"about-the-project","status":"publish","type":"page","link":"https:\/\/mayfin.erasmus.site\/it\/about-the-project\/","title":{"rendered":"A proposito del progetto"},"content":{"rendered":"<p>L&#8217;obiettivo principale di MAYFIN \u00e8 sviluppare una serie di soluzioni per colmare il divario di competenze finanziarie tra i giovani (di et\u00e0 compresa tra i 15 e i 18 anni) provenienti da diverse condizioni socioeconomiche. Contribuendo al rafforzamento dell&#8217;identit\u00e0 europea, MAYFIN combina la conoscenza finanziaria con altre soft skills identificate.<\/p>\n<p>L&#8217;obiettivo di MAYFIN \u00e8 aumentare le competenze dei giovani svantaggiati attraverso un gioco online che consente loro di acquisire le informazioni necessarie. Di conseguenza, le loro azioni finanziarie presenti e future possono essere basate e supportate da conoscenze rilevanti. I risultati di MAYFIN mirano a sviluppare la mentalit\u00e0 degli studenti in modo che possano impegnarsi attivamente e avere fiducia nelle proprie decisioni finanziarie durante gli anni scolastici e nella futura et\u00e0 adulta.<\/p>\n<p>Nell&#8217;affrontare il divario nell&#8217;alfabetizzazione finanziaria, MAYFIN includer\u00e0 anche una ricerca approfondita ed elementi, nel gioco online, che identificano gli eventi storici chiave che hanno avuto un impatto sulla mentalit\u00e0 dei diversi Paesi e sullo sviluppo delle competenze finanziarie. Ci\u00f2 favorir\u00e0 una pi\u00f9 profonda comprensione della cultura europea, contribuendo al rafforzamento dell&#8217;identit\u00e0 europea nei gruppi target. Attraverso la combinazione di contenuti di alfabetizzazione finanziaria e di eventi storici, il gruppo target sar\u00e0 in grado di sviluppare una migliore comprensione della cultura europea, mentre i partner saranno in grado di sviluppare risultati adeguati al contesto nazionale.<\/p>","protected":false},"excerpt":{"rendered":"<p>L&#8217;obiettivo principale di MAYFIN \u00e8 sviluppare una serie di soluzioni per colmare il divario di competenze finanziarie tra i giovani (di et\u00e0 compresa tra i 15 e i 18 anni) provenienti da diverse condizioni socioeconomiche. Contribuendo al rafforzamento dell&#8217;identit\u00e0 europea, MAYFIN combina la conoscenza finanziaria con altre soft skills identificate. L&#8217;obiettivo di MAYFIN \u00e8 aumentare&hellip;&nbsp;<a href=\"https:\/\/mayfin.erasmus.site\/it\/about-the-project\/\" rel=\"bookmark\">Leggi tutto &raquo;<span class=\"screen-reader-text\">A proposito del progetto<\/span><\/a><\/p>\n","protected":false},"author":1,"featured_media":234,"parent":0,"menu_order":0,"comment_status":"closed","ping_status":"closed","template":"","meta":{"neve_meta_sidebar":"","neve_meta_container":"","neve_meta_enable_content_width":"off","neve_meta_content_width":100,"neve_meta_title_alignment":"","neve_meta_author_avatar":"","neve_post_elements_order":"","neve_meta_disable_header":"","neve_meta_disable_footer":"","neve_meta_disable_title":"","footnotes":""},"class_list":["post-199","page","type-page","status-publish","has-post-thumbnail","hentry"],"_links":{"self":[{"href":"https:\/\/mayfin.erasmus.site\/it\/wp-json\/wp\/v2\/pages\/199","targetHints":{"allow":["GET"]}}],"collection":[{"href":"https:\/\/mayfin.erasmus.site\/it\/wp-json\/wp\/v2\/pages"}],"about":[{"href":"https:\/\/mayfin.erasmus.site\/it\/wp-json\/wp\/v2\/types\/page"}],"author":[{"embeddable":true,"href":"https:\/\/mayfin.erasmus.site\/it\/wp-json\/wp\/v2\/users\/1"}],"replies":[{"embeddable":true,"href":"https:\/\/mayfin.erasmus.site\/it\/wp-json\/wp\/v2\/comments?post=199"}],"version-history":[{"count":72,"href":"https:\/\/mayfin.erasmus.site\/it\/wp-json\/wp\/v2\/pages\/199\/revisions"}],"predecessor-version":[{"id":1104,"href":"https:\/\/mayfin.erasmus.site\/it\/wp-json\/wp\/v2\/pages\/199\/revisions\/1104"}],"wp:featuredmedia":[{"embeddable":true,"href":"https:\/\/mayfin.erasmus.site\/it\/wp-json\/wp\/v2\/media\/234"}],"wp:attachment":[{"href":"https:\/\/mayfin.erasmus.site\/it\/wp-json\/wp\/v2\/media?parent=199"}],"curies":[{"name":"wp","href":"https:\/\/api.w.org\/{rel}","templated":true}]}}