{"id":1086,"date":"2024-04-09T08:40:27","date_gmt":"2024-04-09T08:40:27","guid":{"rendered":"https:\/\/mayfin.erasmus.site\/?page_id=1086"},"modified":"2026-03-21T14:44:42","modified_gmt":"2026-03-21T14:44:42","slug":"partnership","status":"publish","type":"page","link":"https:\/\/mayfin.erasmus.site\/it\/partnership\/","title":{"rendered":"Partenariato"},"content":{"rendered":"<p><\/p>\n<h2><img fetchpriority=\"high\" decoding=\"async\" class=\"size-full wp-image-1088 aligncenter\" src=\"https:\/\/mayfin.erasmus.site\/wp-content\/uploads\/2024\/04\/cwep.webp\" alt=\"\" width=\"300\" height=\"300\" srcset=\"https:\/\/mayfin.erasmus.site\/wp-content\/uploads\/2024\/04\/cwep.webp 300w, https:\/\/mayfin.erasmus.site\/wp-content\/uploads\/2024\/04\/cwep-150x150.webp 150w, https:\/\/mayfin.erasmus.site\/wp-content\/uploads\/2024\/04\/cwep-24x24.webp 24w, https:\/\/mayfin.erasmus.site\/wp-content\/uploads\/2024\/04\/cwep-36x36.webp 36w, https:\/\/mayfin.erasmus.site\/wp-content\/uploads\/2024\/04\/cwep-48x48.webp 48w\" sizes=\"(max-width: 300px) 100vw, 300px\" \/><\/h2>\n<h3 style=\"text-align: center;\"><strong>Centre For Education And Entrepreneurship Support\u00a0&#8211; Polonia &#8211; Coordinatore di progetto<br \/>\n<\/strong><\/h3>\n<p>Il Centro per l&#8217;istruzione e il sostegno all&#8217;imprenditorialit\u00e0 (CWEP) \u00e8 un&#8217;organizzazione non governativa fondata nel 2004 da un gruppo di imprenditori e attivisti sociali di Rzesz\u00f3w, in Polonia. CWEP collabora con aziende e istituzioni educative. La sua missione \u00e8 aumentare la qualit\u00e0 della formazione scolastica a tutti i livelli e in tutte le sue forme, nonch\u00e9 promuovere l&#8217;imprenditorialit\u00e0 per favorire l&#8217;integrazione di qualsiasi gruppo sociale, indipendentemente dal sesso, dall&#8217;et\u00e0 o dall&#8217;origine etnica. In particolare, gli obiettivi sono migliorare l&#8217;accessibilit\u00e0, la qualit\u00e0 e l&#8217;efficienza dell&#8217;istruzione di tutte le persone, promuovere e contribuire all&#8217;educazione degli adulti e all&#8217;apprendimento permanente, e-learning e l&#8217;uso delle nuove tecnologie nell&#8217;istruzione e nell&#8217;imprenditoria. L&#8217;Associazione collabora con numerosi partner europei per rafforzare la posizione economica delle imprese e fornisce piattaforme on-line per le aziende.<\/p>\n<p>Sito web:<\/p>\n<p><a href=\"https:\/\/cwep.eu\/\">https:\/\/cwep.eu\/<\/a><\/p>\n<p>Social media:<\/p>\n<p><a href=\"https:\/\/www.facebook.com\/CWEP.EU\">https:\/\/www.facebook.com\/CWEP.EU<\/a><\/p>\n<p><a href=\"https:\/\/www.linkedin.com\/company\/cwep\/\">https:\/\/www.linkedin.com\/company\/cwep\/<\/a><\/p>\n<hr \/>\n<h2><img decoding=\"async\" class=\"wp-image-1089 size-full aligncenter\" src=\"https:\/\/mayfin.erasmus.site\/wp-content\/uploads\/2024\/04\/coso.webp\" alt=\"\" width=\"300\" height=\"300\" srcset=\"https:\/\/mayfin.erasmus.site\/wp-content\/uploads\/2024\/04\/coso.webp 300w, https:\/\/mayfin.erasmus.site\/wp-content\/uploads\/2024\/04\/coso-150x150.webp 150w, https:\/\/mayfin.erasmus.site\/wp-content\/uploads\/2024\/04\/coso-24x24.webp 24w, https:\/\/mayfin.erasmus.site\/wp-content\/uploads\/2024\/04\/coso-36x36.webp 36w, https:\/\/mayfin.erasmus.site\/wp-content\/uploads\/2024\/04\/coso-48x48.webp 48w\" sizes=\"(max-width: 300px) 100vw, 300px\" \/><\/h2>\n<h3 style=\"text-align: center;\">Co&amp;So \u2013 <strong>Italia<\/strong><\/h3>\n<p>Co&amp;So \u00e8 un consorzio con sede a Firenze che comprende 14 cooperative che operano nel settore educativo, sociale e culturale. Co&amp;So ha 33 dipendenti che forniscono servizi ai membri associati; i servizi principali sono: amministrazione, monitoraggio e presentazione di bandi per lo pi\u00f9 su appalti pubblici, offerta di opportunit\u00e0 europee per promuovere l&#8217;innovazione nelle cooperative in termini di miglioramento delle competenze dei dipendenti e dei servizi offerti, certificazione di qualit\u00e0, comunicazione. Complessivamente il personale che lavora nelle cooperative associate \u00e8 di quasi 5.000 professionisti. In Co&amp;so c&#8217;\u00e8 un ufficio speciale che lavora solo sui finanziamenti europei, con personale molto qualificato che ha pi\u00f9 di 15 anni di esperienza.<\/p>\n<p>9 delle cooperative di Co&amp;So lavorano direttamente con il gruppo target del progetto e gestiscono servizi e progetti educativi per giovani svantaggiati. Queste cooperative operano nell&#8217;area di Firenze, Lucca, Pistoia, Pisa, Grosseto, Prato e Arezzo e gestiscono circa 209 servizi, alcuni per conto degli Enti Pubblici, altri privatamente; i qualificati che lavorano in questo settore sono circa 1160 e i beneficiari sono 13.000.<\/p>\n<p>Sito web:<\/p>\n<p><a href=\"https:\/\/coeso.org\/\">https:\/\/coeso.org\/<\/a><\/p>\n<p>Social media:<\/p>\n<p><a href=\"https:\/\/www.facebook.com\/consorziocoeso\">https:\/\/www.facebook.com\/consorziocoeso<\/a><\/p>\n<p><a href=\"http:\/\/www.youtube.com\/@consorzio_coeso\">http:\/\/www.youtube.com\/@consorzio_coeso<\/a><\/p>\n<p><a href=\"https:\/\/www.linkedin.com\/company\/consorzio-coeso\/\">https:\/\/www.linkedin.com\/company\/consorzio-coeso\/<\/a><\/p>\n<p><a href=\"https:\/\/www.instagram.com\/consorziocoeso\/\">https:\/\/www.instagram.com\/consorziocoeso\/<\/a><\/p>\n<hr \/>\n<h2><img decoding=\"async\" class=\"wp-image-1090 size-full aligncenter\" src=\"https:\/\/mayfin.erasmus.site\/wp-content\/uploads\/2024\/04\/ed.webp\" alt=\"\" width=\"300\" height=\"300\" srcset=\"https:\/\/mayfin.erasmus.site\/wp-content\/uploads\/2024\/04\/ed.webp 300w, https:\/\/mayfin.erasmus.site\/wp-content\/uploads\/2024\/04\/ed-150x150.webp 150w, https:\/\/mayfin.erasmus.site\/wp-content\/uploads\/2024\/04\/ed-24x24.webp 24w, https:\/\/mayfin.erasmus.site\/wp-content\/uploads\/2024\/04\/ed-36x36.webp 36w, https:\/\/mayfin.erasmus.site\/wp-content\/uploads\/2024\/04\/ed-48x48.webp 48w\" sizes=\"(max-width: 300px) 100vw, 300px\" \/><\/h2>\n<h3 style=\"text-align: center;\">E&amp;D Knowledge Consulting Lda. &#8211; <strong>Portogallo<\/strong><\/h3>\n<p>E&amp;D Knowledge Consulting \u00e8 una societ\u00e0 di consulenza e formazione professionale specializzata nel supporto allo sviluppo delle competenze necessarie per promuovere l&#8217;innovazione nel settore aziendale, pubblico e sociale. Le attivit\u00e0 principali di E&amp;D si concentrano sul fornire a manager e imprenditori le competenze, le conoscenze e gli strumenti necessari per implementare ed eseguire con successo le strategie di innovazione nelle loro organizzazioni, ma anche per promuovere l&#8217;innovazione nel loro ambiente.<\/p>\n<p>E&amp;D \u00e8 specializzata nel supporto all&#8217;introduzione di operazioni di innovazione nelle organizzazioni &#8211; dagli audit sull&#8217;innovazione, al supporto alla definizione e all&#8217;implementazione di strategie di innovazione, allo sviluppo di processi e meccanismi di innovazione adattati alle esigenze individuali delle organizzazioni. Presta particolare attenzione alla fornitura di abilit\u00e0 e competenze necessarie per un&#8217;innovazione di successo, sia tra i leader e i manager che tra i dipendenti.<\/p>\n<p>I prodotti di E&amp;D sono definiti individualmente in base alle esigenze specifiche di ogni organizzazione.<\/p>\n<p>Sito web:<\/p>\n<p><a href=\"https:\/\/ed-knowledgeconsulting.com\/\">https:\/\/ed-knowledgeconsulting.com<\/a><\/p>\n<p>Social media:<\/p>\n<p><a href=\"https:\/\/www.facebook.com\/EDKnowledgeConsulting\">https:\/\/www.facebook.com\/EDKnowledgeConsulting<\/a><\/p>\n<p><a href=\"https:\/\/www.linkedin.com\/company\/e&amp;d-knowledge-consulting\/\">https:\/\/www.linkedin.com\/company\/e&amp;d-knowledge-consulting\/<\/a><\/p>\n<p>&nbsp;<\/p>\n<hr \/>\n<h2><img loading=\"lazy\" decoding=\"async\" class=\"wp-image-1091 size-full aligncenter\" src=\"https:\/\/mayfin.erasmus.site\/wp-content\/uploads\/2024\/04\/lovila.webp\" alt=\"\" width=\"300\" height=\"300\" srcset=\"https:\/\/mayfin.erasmus.site\/wp-content\/uploads\/2024\/04\/lovila.webp 300w, https:\/\/mayfin.erasmus.site\/wp-content\/uploads\/2024\/04\/lovila-150x150.webp 150w, https:\/\/mayfin.erasmus.site\/wp-content\/uploads\/2024\/04\/lovila-24x24.webp 24w, https:\/\/mayfin.erasmus.site\/wp-content\/uploads\/2024\/04\/lovila-36x36.webp 36w, https:\/\/mayfin.erasmus.site\/wp-content\/uploads\/2024\/04\/lovila-48x48.webp 48w\" sizes=\"(max-width: 300px) 100vw, 300px\" \/><\/h2>\n<h3 style=\"text-align: center;\">Lovila &#8211; <strong>Cipro<\/strong><\/h3>\n<p>Lovila \u00e8 un istituto di consulenza e formazione cipriota nato con l&#8217;obiettivo di favorire lo sviluppo professionale e personale di individui, aziende e imprese di nuova costituzione, focalizzato sulla promozione dell&#8217;inclusione sociale e del cambiamento ambientale, sulla digitalizzazione e sull&#8217;innovazione a diversi livelli e contesti. Lovila fornisce un supporto formativo di alto livello a giovani e adulti che necessitano di integrazione professionale, sviluppo di competenze e qualifiche di base, competenze digitali e imprenditoriali, integrazione e reinserimento nel mercato del lavoro, motivazione, consulenza e orientamento al lavoro.<\/p>\n<p>Lovila mira a identificare i fattori chiave e gli ostacoli che influenzano l&#8217;educazione alla sostenibilit\u00e0, a valutare gli approcci esistenti e a sviluppare materiali e programmi educativi efficaci per promuovere il cambiamento dei comportamenti verso pratiche sostenibili. Attraverso le sue azioni Lovila tende a trasformare il contesto locale, regionale e nazionale per raggiungere uno sviluppo inclusivo, incentrato sulle persone e sostenibile.<\/p>\n<p>Sito web:<\/p>\n<p><a href=\"https:\/\/lovila.eu\/\">https:\/\/lovila.eu\/#<\/a><\/p>\n<p>Social media:<\/p>\n<p><a href=\"https:\/\/www.facebook.com\/lovila.cyprus\">https:\/\/www.facebook.com\/lovila.cyprus<\/a><\/p>\n<p><a href=\"https:\/\/www.linkedin.com\/company\/86194853\/admin\/feed\/posts\/\">https:\/\/www.linkedin.com\/company\/86194853\/admin\/feed\/posts\/<\/a><\/p>\n<hr \/>\n<h2><img loading=\"lazy\" decoding=\"async\" class=\"wp-image-1092 size-full aligncenter\" src=\"https:\/\/mayfin.erasmus.site\/wp-content\/uploads\/2024\/04\/meus.webp\" alt=\"\" width=\"300\" height=\"300\" srcset=\"https:\/\/mayfin.erasmus.site\/wp-content\/uploads\/2024\/04\/meus.webp 300w, https:\/\/mayfin.erasmus.site\/wp-content\/uploads\/2024\/04\/meus-150x150.webp 150w, https:\/\/mayfin.erasmus.site\/wp-content\/uploads\/2024\/04\/meus-24x24.webp 24w, https:\/\/mayfin.erasmus.site\/wp-content\/uploads\/2024\/04\/meus-36x36.webp 36w, https:\/\/mayfin.erasmus.site\/wp-content\/uploads\/2024\/04\/meus-48x48.webp 48w\" sizes=\"(max-width: 300px) 100vw, 300px\" \/><\/h2>\n<h3 style=\"text-align: center;\">Markeut Skills Sociedad Limitada &#8211; <strong>Spagna<\/strong><\/h3>\n<p>MEUS \u00e8 un&#8217;organizzazione privata con sede a Valencia, in Spagna, il cui obiettivo \u00e8 migliorare le capacit\u00e0 delle persone nel loro ambiente, sia professionale che privato, cos\u00ec come in tutte le fasi della loro vita.<\/p>\n<p>In linea con la strategia educativa europea, MEUS lavora allo sviluppo di nuovi materiali e metodologie di formazione adattati ai diversi obiettivi ed esigenze del mercato economico, per migliorare l&#8217;integrazione nel mondo del lavoro.<\/p>\n<p>MEUS \u00e8 esperto di nuovi metodi di apprendimento, basati su modalit\u00e0 partecipative e collaborative. Le nostre attivit\u00e0 di formazione si basano sulla formazione esperienziale e sull&#8217;apprendimento concreto, con l&#8217;intento di mantenere gli studenti attenti in modo che possano apprendere in modo divertente le nuove competenze. MEUS sfrutta ampiamente la <em>gamification<\/em>, sviluppando sfide che i partecipanti devono superare individualmente o in gruppo.<\/p>\n<p>MEUS incoraggia la creazione e il consolidamento di imprese, offrendo consulenza e formazione agli imprenditori, all&#8217;innovazione creativa, all&#8217;innovazione sociale, all&#8217;innovazione tecnologica, alla nascita di nuovi progetti imprenditoriali, alla creazione di aziende sostenibili e allo sviluppo dei territori.<\/p>\n<p>Il nostro secondo obiettivo principale \u00e8 lo sviluppo sostenibile e tiene conto delle preoccupazioni ambientali, della crescita sostenibile e dello sviluppo locale come elemento chiave delle sue missioni, promuovendo cambiamenti comportamentali nella societ\u00e0 per adattarsi alle esigenze attuali (consumo sostenibile, ottimizzazione dei rifiuti, ecc.).<\/p>\n<p>MEUS esplora e promuove modelli di business sostenibili, cercando di implementare le migliori pratiche di CSR. Inoltre, sostiene fortemente i settori nuovi e in crescita dell&#8217;economia ed \u00e8 attento ai cambiamenti della societ\u00e0, per questo \u00e8 particolarmente impegnato in questioni come la green economy (e le competenze verdi), l&#8217;economia arancione (cultura), le TIC, l&#8217;adattamento all&#8217;invecchiamento della popolazione e le nuove caratteristiche demografiche che generano una maggiore domanda di servizi alla persona, ecc.<\/p>\n<p>Ognuno dei progetti sviluppati in MEUS \u00e8 portato avanti con la premessa dell&#8217;innovazione, intesa al di l\u00e0 dell&#8217;innovazione tecnologica, basata sullo sviluppo di nuove metodologie innovative per l&#8217;apprendimento, la gestione, lo sviluppo personale o lo sviluppo locale.<\/p>\n<p>Sito web:<\/p>\n<p><a href=\"https:\/\/meuskills.eu\">https:\/\/meuskills.eu<\/a><\/p>\n<p>Social media:<\/p>\n<p><a href=\"https:\/\/www.facebook.com\/search\/top?q=markeut%20skills%20sl\">https:\/\/www.facebook.com\/search\/top?q=markeut%20skills%20sl<\/a><\/p>\n<p><a href=\"https:\/\/www.linkedin.com\/company\/meuskills\">https:\/\/www.linkedin.com\/company\/meuskills<\/a><\/p>\n<hr \/>\n<h2><img loading=\"lazy\" decoding=\"async\" class=\"wp-image-1093 size-full aligncenter\" src=\"https:\/\/mayfin.erasmus.site\/wp-content\/uploads\/2024\/04\/scoutsociety.webp\" alt=\"\" width=\"300\" height=\"300\" srcset=\"https:\/\/mayfin.erasmus.site\/wp-content\/uploads\/2024\/04\/scoutsociety.webp 300w, https:\/\/mayfin.erasmus.site\/wp-content\/uploads\/2024\/04\/scoutsociety-150x150.webp 150w, https:\/\/mayfin.erasmus.site\/wp-content\/uploads\/2024\/04\/scoutsociety-24x24.webp 24w, https:\/\/mayfin.erasmus.site\/wp-content\/uploads\/2024\/04\/scoutsociety-36x36.webp 36w, https:\/\/mayfin.erasmus.site\/wp-content\/uploads\/2024\/04\/scoutsociety-48x48.webp 48w\" sizes=\"(max-width: 300px) 100vw, 300px\" \/><\/h2>\n<h3 style=\"text-align: center;\">Scout Society \u2013 Romania<\/h3>\n<p>L&#8217;associazione Scout Society \u00e8 stata fondata nel 2011. Lo scopo dell&#8217;organizzazione \u00e8 incoraggiare il volontariato e contribuire allo sviluppo della comunit\u00e0 locale, in particolare nel processo di educazione dei giovani attraverso attivit\u00e0 educative non formali.<\/p>\n<p>Dal desiderio di aiutare i giovani a crescere sia personalmente che professionalmente, ma anche di coinvolgerli nella societ\u00e0 e nelle comunit\u00e0 locali da cui provengono, l&#8217;associazione ha iniziato a sviluppare le proprie attivit\u00e0, realizzando progetti su diverse tematiche (come lo sport, la salute, la multiculturalit\u00e0, la tolleranza verso gli altri, la discriminazione, l\u2019aumento dell&#8217;occupabilit\u00e0, l\u2019orientamento professionale), ma mantenendo lo stesso scopo sin dalla sua fondazione: aiutare i giovani nel loro sviluppo, a formarsi come individui coinvolti nella societ\u00e0, che preservano e condividono con gli altri i valori europei (unit\u00e0, comunicazione, tolleranza, solidariet\u00e0, rispetto, uguaglianza, comunicazione, pluralismo, pace, democrazia, libert\u00e0).<\/p>\n<p>Negli ultimi anni l&#8217;associazione ha sviluppato una significativa cooperazione internazionale, attualmente ha partenariati con organizzazioni provenienti da Croazia, Repubblica Ceca, Spagna, Slovenia, Bulgaria, Ungheria, Polonia, Turchia, Lituania e ha realizzato un numero significativo di progetti e attivit\u00e0 di volontariato, scambi giovanili, partenariati strategici che hanno coinvolto oltre 2000 giovani provenienti da diverse comunit\u00e0 della Romania.<\/p>\n<p>Sito web:<\/p>\n<p><a href=\"https:\/\/scoutsociety.ro\/\">https:\/\/scoutsociety.ro\/<\/a><\/p>\n<p>Social media:<\/p>\n<p><a href=\"https:\/\/www.facebook.com\/ScoutSociety\">https:\/\/www.facebook.com\/ScoutSociety<\/a><\/p>\n<p><a href=\"https:\/\/www.instagram.com\/scout_society\/\">https:\/\/www.instagram.com\/scout_society\/<\/a><\/p>\n<p><a href=\"https:\/\/ro.linkedin.com\/company\/scoutsociety\">https:\/\/ro.linkedin.com\/company\/scoutsociety<\/a><\/p>","protected":false},"excerpt":{"rendered":"<p>Centre For Education And Entrepreneurship Support\u00a0&#8211; Polonia &#8211; Coordinatore di progetto Il Centro per l&#8217;istruzione e il sostegno all&#8217;imprenditorialit\u00e0 (CWEP) \u00e8 un&#8217;organizzazione non governativa fondata nel 2004 da un gruppo di imprenditori e attivisti sociali di Rzesz\u00f3w, in Polonia. CWEP collabora con aziende e istituzioni educative. La sua missione \u00e8 aumentare la qualit\u00e0 della formazione&hellip;&nbsp;<a href=\"https:\/\/mayfin.erasmus.site\/it\/partnership\/\" rel=\"bookmark\">Leggi tutto &raquo;<span class=\"screen-reader-text\">Partenariato<\/span><\/a><\/p>\n","protected":false},"author":1,"featured_media":60,"parent":0,"menu_order":0,"comment_status":"closed","ping_status":"closed","template":"","meta":{"neve_meta_sidebar":"","neve_meta_container":"","neve_meta_enable_content_width":"off","neve_meta_content_width":100,"neve_meta_title_alignment":"","neve_meta_author_avatar":"","neve_post_elements_order":"","neve_meta_disable_header":"","neve_meta_disable_footer":"","neve_meta_disable_title":"","footnotes":""},"class_list":["post-1086","page","type-page","status-publish","has-post-thumbnail","hentry"],"_links":{"self":[{"href":"https:\/\/mayfin.erasmus.site\/it\/wp-json\/wp\/v2\/pages\/1086","targetHints":{"allow":["GET"]}}],"collection":[{"href":"https:\/\/mayfin.erasmus.site\/it\/wp-json\/wp\/v2\/pages"}],"about":[{"href":"https:\/\/mayfin.erasmus.site\/it\/wp-json\/wp\/v2\/types\/page"}],"author":[{"embeddable":true,"href":"https:\/\/mayfin.erasmus.site\/it\/wp-json\/wp\/v2\/users\/1"}],"replies":[{"embeddable":true,"href":"https:\/\/mayfin.erasmus.site\/it\/wp-json\/wp\/v2\/comments?post=1086"}],"version-history":[{"count":9,"href":"https:\/\/mayfin.erasmus.site\/it\/wp-json\/wp\/v2\/pages\/1086\/revisions"}],"predecessor-version":[{"id":1573,"href":"https:\/\/mayfin.erasmus.site\/it\/wp-json\/wp\/v2\/pages\/1086\/revisions\/1573"}],"wp:featuredmedia":[{"embeddable":true,"href":"https:\/\/mayfin.erasmus.site\/it\/wp-json\/wp\/v2\/media\/60"}],"wp:attachment":[{"href":"https:\/\/mayfin.erasmus.site\/it\/wp-json\/wp\/v2\/media?parent=1086"}],"curies":[{"name":"wp","href":"https:\/\/api.w.org\/{rel}","templated":true}]}}