{"id":1086,"date":"2024-04-09T08:40:27","date_gmt":"2024-04-09T08:40:27","guid":{"rendered":"https:\/\/mayfin.erasmus.site\/?page_id=1086"},"modified":"2026-03-21T14:44:42","modified_gmt":"2026-03-21T14:44:42","slug":"partnership","status":"publish","type":"page","link":"https:\/\/mayfin.erasmus.site\/es\/partnership\/","title":{"rendered":"Socios"},"content":{"rendered":"<p><\/p>\n<h2><img fetchpriority=\"high\" decoding=\"async\" class=\"size-full wp-image-1088 aligncenter\" src=\"https:\/\/mayfin.erasmus.site\/wp-content\/uploads\/2024\/04\/cwep.webp\" alt=\"\" width=\"300\" height=\"300\" srcset=\"https:\/\/mayfin.erasmus.site\/wp-content\/uploads\/2024\/04\/cwep.webp 300w, https:\/\/mayfin.erasmus.site\/wp-content\/uploads\/2024\/04\/cwep-150x150.webp 150w, https:\/\/mayfin.erasmus.site\/wp-content\/uploads\/2024\/04\/cwep-24x24.webp 24w, https:\/\/mayfin.erasmus.site\/wp-content\/uploads\/2024\/04\/cwep-36x36.webp 36w, https:\/\/mayfin.erasmus.site\/wp-content\/uploads\/2024\/04\/cwep-48x48.webp 48w\" sizes=\"(max-width: 300px) 100vw, 300px\" \/><\/h2>\n<h3 style=\"text-align: center;\"><strong>Centro de apoyo a la educaci\u00f3n y el emprendimiento &#8211; Polonia &#8211; Coordinador del proyecto<br \/>\n<\/strong><\/h3>\n<p>El Centro de Apoyo a la Educaci\u00f3n y el Emprendimiento (CWEP) es una organizaci\u00f3n no gubernamental fundada en 2004 por un grupo de empresarios, profesores y activistas sociales de Rzesz\u00f3w, Polonia. CWEP coopera con empresas e instituciones educativas. La misi\u00f3n de CWEP es incrementar la calidad de la formaci\u00f3n educativa en todos los niveles y en todas sus modalidades, as\u00ed como promover el emprendimiento con el fin de fomentar la integraci\u00f3n de cualquier grupo social, independientemente de su g\u00e9nero, edad u origen \u00e9tnico. En particular, los objetivos son mejorar la accesibilidad, la calidad y la eficiencia de la educaci\u00f3n de todas las personas, promover y contribuir a la educaci\u00f3n de adultos, el aprendizaje permanente, e-learning y el uso de nuevas tecnolog\u00edas en la educaci\u00f3n y el emprendimiento. La asociaci\u00f3n trabaja con muchos socios de Europa para fortalecer la posici\u00f3n econ\u00f3mica de las empresas y proporciona plataformas en l\u00ednea para empresas.<\/p>\n<p>Sitio web:<\/p>\n<p><a href=\"https:\/\/cwep.eu\/\">https:\/\/cwep.eu\/<\/a><\/p>\n<p>Medios de comunicaci\u00f3n social:<\/p>\n<p><a href=\"https:\/\/www.facebook.com\/CWEP.EU\">https:\/\/www.facebook.com\/CWEP.EU<\/a><\/p>\n<p><a href=\"https:\/\/www.linkedin.com\/company\/cwep\/\">https:\/\/www.linkedin.com\/company\/cwep\/<\/a><\/p>\n<hr \/>\n<h2><img decoding=\"async\" class=\"wp-image-1089 size-full aligncenter\" src=\"https:\/\/mayfin.erasmus.site\/wp-content\/uploads\/2024\/04\/coso.webp\" alt=\"\" width=\"300\" height=\"300\" srcset=\"https:\/\/mayfin.erasmus.site\/wp-content\/uploads\/2024\/04\/coso.webp 300w, https:\/\/mayfin.erasmus.site\/wp-content\/uploads\/2024\/04\/coso-150x150.webp 150w, https:\/\/mayfin.erasmus.site\/wp-content\/uploads\/2024\/04\/coso-24x24.webp 24w, https:\/\/mayfin.erasmus.site\/wp-content\/uploads\/2024\/04\/coso-36x36.webp 36w, https:\/\/mayfin.erasmus.site\/wp-content\/uploads\/2024\/04\/coso-48x48.webp 48w\" sizes=\"(max-width: 300px) 100vw, 300px\" \/><\/h2>\n<h3 style=\"text-align: center;\">Co&amp;So \u2013 <strong>Italia<\/strong><\/h3>\n<p>Co&amp;So es un consorcio ubicado en Florencia que incluye 14 cooperativas que trabajan en el \u00e1mbito educativo, social y cultural. Co&amp;So tiene 33 empleados que brindan servicios a los miembros asociados, los principales servicios son: administraci\u00f3n, seguimiento y presentaci\u00f3n de convocatorias principalmente en contrataci\u00f3n p\u00fablica, ofreciendo oportunidades europeas para promover la innovaci\u00f3n en las cooperativas en t\u00e9rminos de mejorar las competencias de los empleados y los servicios. ofrecido, certificaci\u00f3n de calidad, comunicaci\u00f3n. En total la plantilla que trabaja en las cooperativas asociadas es de casi 5.000 profesionales. En Co&amp;so hay una oficina especial que trabaja exclusivamente con financiaci\u00f3n europea y cuenta con personal muy cualificado que cuenta con m\u00e1s de 15 a\u00f1os de experiencia.<\/p>\n<p>Nueve de las cooperativas de Co&amp;So trabajan directamente con el grupo objetivo del proyecto y gestionan servicios y proyectos educativos para j\u00f3venes desfavorecidos. Estas cooperativas trabajan en la zona de Florencia, Lucca, Pistoia, Pisa, Grosseto, Prato y Arezzo y gestionan alrededor de 209 servicios, algunos por cuenta de las autoridades p\u00fablicas, otros de forma privada, hay alrededor de 1160 cualificados que trabajan en este sector y el n\u00famero de beneficiarios es de 13.000.<\/p>\n<p>Sitio web:<\/p>\n<p><a href=\"https:\/\/coeso.org\/\">https:\/\/coeso.org\/<\/a><\/p>\n<p>Medios de comunicaci\u00f3n social:<\/p>\n<p><a href=\"https:\/\/www.facebook.com\/consorziocoeso\">https:\/\/www.facebook.com\/consorziocoeso<\/a><\/p>\n<p><a href=\"http:\/\/www.youtube.com\/@consorzio_coeso\">http:\/\/www.youtube.com\/@consorzio_coeso<\/a><\/p>\n<p><a href=\"https:\/\/www.linkedin.com\/company\/consorzio-coeso\/\">https:\/\/www.linkedin.com\/company\/consorzio-coeso\/<\/a><\/p>\n<p><a href=\"https:\/\/www.instagram.com\/consorziocoeso\/\">https:\/\/www.instagram.com\/consorziocoeso\/<\/a><\/p>\n<hr \/>\n<h2><img decoding=\"async\" class=\"wp-image-1090 size-full aligncenter\" src=\"https:\/\/mayfin.erasmus.site\/wp-content\/uploads\/2024\/04\/ed.webp\" alt=\"\" width=\"300\" height=\"300\" srcset=\"https:\/\/mayfin.erasmus.site\/wp-content\/uploads\/2024\/04\/ed.webp 300w, https:\/\/mayfin.erasmus.site\/wp-content\/uploads\/2024\/04\/ed-150x150.webp 150w, https:\/\/mayfin.erasmus.site\/wp-content\/uploads\/2024\/04\/ed-24x24.webp 24w, https:\/\/mayfin.erasmus.site\/wp-content\/uploads\/2024\/04\/ed-36x36.webp 36w, https:\/\/mayfin.erasmus.site\/wp-content\/uploads\/2024\/04\/ed-48x48.webp 48w\" sizes=\"(max-width: 300px) 100vw, 300px\" \/><\/h2>\n<h3 style=\"text-align: center;\">E&amp;D Knowledge Consulting Lda. &#8211; Portugal<\/h3>\n<p>E&amp;D Knowledge Consulting es una empresa de consultor\u00eda y formaci\u00f3n profesional especializada en el apoyo al desarrollo de competencias necesarias para fomentar la innovaci\u00f3n en el sector empresarial, p\u00fablico y social. Las principales actividades de E&amp;D se centran en proporcionar a directivos y emprendedores las competencias, el conocimiento y las herramientas necesarias para implementar y ejecutar con \u00e9xito estrategias de innovaci\u00f3n en sus organizaciones, pero tambi\u00e9n para fomentar la innovaci\u00f3n en su entorno. E&amp;D se especializa en apoyar la introducci\u00f3n de operaciones de innovaci\u00f3n de las organizaciones, desde auditor\u00edas de innovaci\u00f3n, a trav\u00e9s del apoyo a la definici\u00f3n e implementaci\u00f3n de estrategias de innovaci\u00f3n, al desarrollo de procesos y mecanismos de innovaci\u00f3n adaptados a las necesidades individuales de las organizaciones. Presta especial atenci\u00f3n a la provisi\u00f3n de habilidades y competencias necesarias para una innovaci\u00f3n exitosa, entre los l\u00edderes y gerentes, as\u00ed como entre los empleados. Mientras que los productos de E&amp;D se definen individualmente en funci\u00f3n de las necesidades espec\u00edficas de cada organizaci\u00f3n.<\/p>\n<p>Sitio web:<\/p>\n<p><a href=\"https:\/\/ed-knowledgeconsulting.com\/\">https:\/\/ed-knowledgeconsulting.com<\/a><\/p>\n<p>Medios de comunicaci\u00f3n social:<\/p>\n<p><a href=\"https:\/\/www.facebook.com\/EDKnowledgeConsulting\">https:\/\/www.facebook.com\/EDKnowledgeConsulting<\/a><\/p>\n<p><a href=\"https:\/\/www.linkedin.com\/company\/e&amp;d-knowledge-consulting\/\">https:\/\/www.linkedin.com\/company\/e&amp;d-knowledge-consulting\/<\/a><\/p>\n<p>&nbsp;<\/p>\n<hr \/>\n<h2><img loading=\"lazy\" decoding=\"async\" class=\"wp-image-1091 size-full aligncenter\" src=\"https:\/\/mayfin.erasmus.site\/wp-content\/uploads\/2024\/04\/lovila.webp\" alt=\"\" width=\"300\" height=\"300\" srcset=\"https:\/\/mayfin.erasmus.site\/wp-content\/uploads\/2024\/04\/lovila.webp 300w, https:\/\/mayfin.erasmus.site\/wp-content\/uploads\/2024\/04\/lovila-150x150.webp 150w, https:\/\/mayfin.erasmus.site\/wp-content\/uploads\/2024\/04\/lovila-24x24.webp 24w, https:\/\/mayfin.erasmus.site\/wp-content\/uploads\/2024\/04\/lovila-36x36.webp 36w, https:\/\/mayfin.erasmus.site\/wp-content\/uploads\/2024\/04\/lovila-48x48.webp 48w\" sizes=\"(max-width: 300px) 100vw, 300px\" \/><\/h2>\n<h3 style=\"text-align: center;\">Lovila &#8211; <strong>Chipre<\/strong><\/h3>\n<p>Lovila es una instituci\u00f3n chipriota de consultor\u00eda y formaci\u00f3n creada con el prop\u00f3sito de fomentar el desarrollo profesional y personal de personas, empresas y negocios de nueva creaci\u00f3n, centrada en promover la inclusi\u00f3n social y el cambio ambiental, la digitalizaci\u00f3n y la innovaci\u00f3n en diferentes niveles y contextos. Lovila proporciona un apoyo formativo de alto nivel a j\u00f3venes y adultos con necesidades de integraci\u00f3n profesional, desarrollo de competencias y cualificaciones b\u00e1sicas, habilidades digitales y emprendedoras, integraci\u00f3n y reinserci\u00f3n en el mercado laboral, motivaci\u00f3n, asesoramiento y orientaci\u00f3n laboral.<\/p>\n<p>Lovila tiene como objetivo identificar factores y obst\u00e1culos clave que influyen en la educaci\u00f3n sobre sostenibilidad, evaluar los enfoques existentes y desarrollar materiales y programas educativos eficaces para promover cambios de comportamiento hacia pr\u00e1cticas sostenibles. Posteriormente, con sus acciones Lovila tiende a transformar el contexto local, regional y nacional para lograr un desarrollo inclusivo, centrado en las personas y sostenible.<\/p>\n<p>Sitio web:<\/p>\n<p><a href=\"https:\/\/lovila.eu\/\">https:\/\/lovila.eu\/#<\/a><\/p>\n<p>Medios de comunicaci\u00f3n social:<\/p>\n<p><a href=\"https:\/\/www.facebook.com\/lovila.cyprus\">https:\/\/www.facebook.com\/lovila.cyprus<\/a><\/p>\n<p><a href=\"https:\/\/www.linkedin.com\/company\/86194853\/admin\/feed\/posts\/\">https:\/\/www.linkedin.com\/company\/86194853\/admin\/feed\/posts\/<\/a><\/p>\n<hr \/>\n<h2><img loading=\"lazy\" decoding=\"async\" class=\"wp-image-1092 size-full aligncenter\" src=\"https:\/\/mayfin.erasmus.site\/wp-content\/uploads\/2024\/04\/meus.webp\" alt=\"\" width=\"300\" height=\"300\" srcset=\"https:\/\/mayfin.erasmus.site\/wp-content\/uploads\/2024\/04\/meus.webp 300w, https:\/\/mayfin.erasmus.site\/wp-content\/uploads\/2024\/04\/meus-150x150.webp 150w, https:\/\/mayfin.erasmus.site\/wp-content\/uploads\/2024\/04\/meus-24x24.webp 24w, https:\/\/mayfin.erasmus.site\/wp-content\/uploads\/2024\/04\/meus-36x36.webp 36w, https:\/\/mayfin.erasmus.site\/wp-content\/uploads\/2024\/04\/meus-48x48.webp 48w\" sizes=\"(max-width: 300px) 100vw, 300px\" \/><\/h2>\n<h3 style=\"text-align: center;\"><strong>Marketeut Skills Sociedad Limitada &#8211; Espa\u00f1a<\/strong><\/h3>\n<p>MEUS es una organizaci\u00f3n privada con sede en Valencia, Espa\u00f1a, cuyo objetivo es mejorar las capacidades de las personas de su entorno, tanto profesional como privado, as\u00ed como en todas las etapas de su vida, desde un centro escolar a otro de educaci\u00f3n de adultos.<\/p>\n<p>En l\u00ednea con la estrategia educativa europea, MEUS trabaja en el desarrollo de nuevos materiales y metodolog\u00edas formativas adaptadas a los diferentes objetivos y necesidades del mercado econ\u00f3mico, para mejorar la integraci\u00f3n laboral.<\/p>\n<p>MEUS es experto en nuevos m\u00e9todos de aprendizaje, basados \u200b\u200ben formas de aprendizaje participativas y colaborativas. Nuestras actividades formativas se basan en la formaci\u00f3n experiencial y el aprendizaje haciendo, con el objetivo de mantener alerta a los alumnos para que puedan aprender de forma entretenida nuevas competencias. MEUS explota en gran medida la gamificaci\u00f3n, desarrollando desaf\u00edos que los alumnos deben superar individualmente o en equipo.<\/p>\n<p>MEUS fomenta la creaci\u00f3n y consolidaci\u00f3n de empresas, ofreciendo asesoramiento y formaci\u00f3n a emprendedores, la innovaci\u00f3n creativa, la innovaci\u00f3n social, la innovaci\u00f3n tecnol\u00f3gica, el nacimiento de nuevos proyectos empresariales, la creaci\u00f3n de empresas sostenibles y el desarrollo de territorios.<\/p>\n<p>Nuestro segundo gran foco es el desarrollo sostenible, y tiene en cuenta las preocupaciones medioambientales, as\u00ed como el crecimiento sostenible y el desarrollo local como elemento clave de sus misiones, promoviendo cambios de comportamiento en la sociedad para adaptarse a las necesidades actuales (consumo sostenible, optimizaci\u00f3n de residuos, etc).<\/p>\n<p>MEUS explora y promueve modelos de negocio sustentables, buscando la implementaci\u00f3n de mejores pr\u00e1cticas de RSE. MEUS apoya firmemente sectores nuevos y en crecimiento de la econom\u00eda y est\u00e1 atento a los cambios sociales, es por eso que estamos particularmente comprometidos en temas como la econom\u00eda verde (y las habilidades verdes), la econom\u00eda naranja (cultura), las TIC, la adaptaci\u00f3n al envejecimiento de la poblaci\u00f3n y nuevas caracter\u00edsticas demogr\u00e1ficas que generan mayor demanda de servicios presenciales, etc.<\/p>\n<p>Cada uno de los proyectos desarrollados en MEUS se llevan a cabo bajo la premisa de la innovaci\u00f3n, entendida m\u00e1s all\u00e1 de una innovaci\u00f3n tecnol\u00f3gica, basada en el desarrollo de nuevas metodolog\u00edas innovadoras para el aprendizaje, la gesti\u00f3n, el desarrollo personal o el desarrollo local.<\/p>\n<p>Sitio web:<\/p>\n<p><a href=\"https:\/\/meuskills.eu\">https:\/\/meuskills.eu<\/a><\/p>\n<p>Medios de comunicaci\u00f3n social:<\/p>\n<p><a href=\"https:\/\/www.facebook.com\/search\/top?q=markeut%20skills%20sl\">https:\/\/www.facebook.com\/search\/top?q=markeut%20skills%20sl<\/a><\/p>\n<p><a href=\"https:\/\/www.linkedin.com\/company\/meuskills\">https:\/\/www.linkedin.com\/company\/meuskills<\/a><\/p>\n<hr \/>\n<h2><img loading=\"lazy\" decoding=\"async\" class=\"wp-image-1093 size-full aligncenter\" src=\"https:\/\/mayfin.erasmus.site\/wp-content\/uploads\/2024\/04\/scoutsociety.webp\" alt=\"\" width=\"300\" height=\"300\" srcset=\"https:\/\/mayfin.erasmus.site\/wp-content\/uploads\/2024\/04\/scoutsociety.webp 300w, https:\/\/mayfin.erasmus.site\/wp-content\/uploads\/2024\/04\/scoutsociety-150x150.webp 150w, https:\/\/mayfin.erasmus.site\/wp-content\/uploads\/2024\/04\/scoutsociety-24x24.webp 24w, https:\/\/mayfin.erasmus.site\/wp-content\/uploads\/2024\/04\/scoutsociety-36x36.webp 36w, https:\/\/mayfin.erasmus.site\/wp-content\/uploads\/2024\/04\/scoutsociety-48x48.webp 48w\" sizes=\"(max-width: 300px) 100vw, 300px\" \/><\/h2>\n<h3 style=\"text-align: center;\">Scout Society \u2013 <strong>Rumania<\/strong><\/h3>\n<p>La asociaci\u00f3n Scout Society se estableci\u00f3 en 2011. El prop\u00f3sito de la organizaci\u00f3n es fomentar el voluntariado y contribuir al desarrollo de la comunidad local, especialmente en el proceso de educaci\u00f3n de los j\u00f3venes a trav\u00e9s de actividades de educaci\u00f3n no formal.<\/p>\n<p>Con el deseo de ayudar a los j\u00f3venes a crecer personal y profesionalmente, pero tambi\u00e9n de implicarlos en la sociedad y en las comunidades locales de las que proced\u00edan, la asociaci\u00f3n empez\u00f3 a desarrollar su campo de actividad, realizando proyectos con diversas tem\u00e1ticas (como el deporte, la salud, la multiculturalidad). , tolerancia hacia los dem\u00e1s, discriminaci\u00f3n, aumento de la empleabilidad, orientaci\u00f3n profesional), pero manteniendo el mismo prop\u00f3sito desde su creaci\u00f3n: ayudar a los j\u00f3venes en su desarrollo y formaci\u00f3n como individuos involucrados en la sociedad, que preservan y comparten con los dem\u00e1s los valores europeos( unidad, comunicaci\u00f3n, tolerancia, solidaridad, respeto, igualdad, comunicaci\u00f3n, pluralismo, paz, democracia, libertad).<\/p>\n<p>En los \u00faltimos a\u00f1os, la asociaci\u00f3n desarroll\u00f3 una importante cooperaci\u00f3n internacional, actualmente tiene asociaciones con organizaciones de Croacia, Rep\u00fablica Checa, Espa\u00f1a, Eslovenia, Bulgaria, Hungr\u00eda, Polonia, Turqu\u00eda, Lituania) y ha llevado a cabo un n\u00famero importante de proyectos y actividades de voluntariado. intercambios juveniles, asociaciones estrat\u00e9gicas en las que participaron m\u00e1s de 2000 j\u00f3venes de diferentes comunidades de Rumania.<\/p>\n<p>Sitio web:<\/p>\n<p><a href=\"https:\/\/scoutsociety.ro\/\">https:\/\/scoutsociety.ro\/<\/a><\/p>\n<p>Medios de comunicaci\u00f3n social:<\/p>\n<p><a href=\"https:\/\/www.facebook.com\/ScoutSociety\">https:\/\/www.facebook.com\/ScoutSociety<\/a><\/p>\n<p><a href=\"https:\/\/www.instagram.com\/scout_society\/\">https:\/\/www.instagram.com\/scout_society\/<\/a><\/p>\n<p><a href=\"https:\/\/ro.linkedin.com\/company\/scoutsociety\">https:\/\/ro.linkedin.com\/company\/scoutsociety<\/a><\/p>","protected":false},"excerpt":{"rendered":"<p>Centro de apoyo a la educaci\u00f3n y el emprendimiento &#8211; Polonia &#8211; Coordinador del proyecto El Centro de Apoyo a la Educaci\u00f3n y el Emprendimiento (CWEP) es una organizaci\u00f3n no gubernamental fundada en 2004 por un grupo de empresarios, profesores y activistas sociales de Rzesz\u00f3w, Polonia. CWEP coopera con empresas e instituciones educativas. La misi\u00f3n&hellip;&nbsp;<a href=\"https:\/\/mayfin.erasmus.site\/es\/partnership\/\" rel=\"bookmark\">Leer m\u00e1s &raquo;<span class=\"screen-reader-text\">Socios<\/span><\/a><\/p>\n","protected":false},"author":1,"featured_media":60,"parent":0,"menu_order":0,"comment_status":"closed","ping_status":"closed","template":"","meta":{"neve_meta_sidebar":"","neve_meta_container":"","neve_meta_enable_content_width":"off","neve_meta_content_width":100,"neve_meta_title_alignment":"","neve_meta_author_avatar":"","neve_post_elements_order":"","neve_meta_disable_header":"","neve_meta_disable_footer":"","neve_meta_disable_title":"","footnotes":""},"class_list":["post-1086","page","type-page","status-publish","has-post-thumbnail","hentry"],"_links":{"self":[{"href":"https:\/\/mayfin.erasmus.site\/es\/wp-json\/wp\/v2\/pages\/1086","targetHints":{"allow":["GET"]}}],"collection":[{"href":"https:\/\/mayfin.erasmus.site\/es\/wp-json\/wp\/v2\/pages"}],"about":[{"href":"https:\/\/mayfin.erasmus.site\/es\/wp-json\/wp\/v2\/types\/page"}],"author":[{"embeddable":true,"href":"https:\/\/mayfin.erasmus.site\/es\/wp-json\/wp\/v2\/users\/1"}],"replies":[{"embeddable":true,"href":"https:\/\/mayfin.erasmus.site\/es\/wp-json\/wp\/v2\/comments?post=1086"}],"version-history":[{"count":9,"href":"https:\/\/mayfin.erasmus.site\/es\/wp-json\/wp\/v2\/pages\/1086\/revisions"}],"predecessor-version":[{"id":1573,"href":"https:\/\/mayfin.erasmus.site\/es\/wp-json\/wp\/v2\/pages\/1086\/revisions\/1573"}],"wp:featuredmedia":[{"embeddable":true,"href":"https:\/\/mayfin.erasmus.site\/es\/wp-json\/wp\/v2\/media\/60"}],"wp:attachment":[{"href":"https:\/\/mayfin.erasmus.site\/es\/wp-json\/wp\/v2\/media?parent=1086"}],"curies":[{"name":"wp","href":"https:\/\/api.w.org\/{rel}","templated":true}]}}